{"id":9104,"date":"2023-03-21T20:00:20","date_gmt":"2023-03-21T20:00:20","guid":{"rendered":"http:\/\/bioplagas.srtv.cl\/?page_id=9104"},"modified":"2024-09-04T12:40:00","modified_gmt":"2024-09-04T15:40:00","slug":"categorias","status":"publish","type":"page","link":"https:\/\/pisosmanriquez.cl\/index.php\/categorias\/","title":{"rendered":"Categor\u00edas"},"content":{"rendered":"<section class=\"l-section wpb_row hide_on_mobiles height_custom\" id=\"vista-escritorio\"><div class=\"l-section-h i-cf\"><div class=\"g-cols vc_row via_grid cols_6 laptops-cols_inherit tablets-cols_inherit mobiles-cols_1 valign_top type_default stacking_default\"><div class=\"wpb_column vc_column_container\"><div class=\"vc_column-inner\"><div class=\"w-image align_center meta_simple\"><a href=\"\/index.php\/categoria-producto\/alfombras\/\" aria-label=\"Alfombras\" class=\"w-image-h\"><img decoding=\"async\" width=\"683\" height=\"1024\" src=\"https:\/\/pisosmanriquez.cl\/wp-content\/uploads\/2024\/09\/alfombras-683x1024.webp\" class=\"attachment-large size-large\" alt=\"\" loading=\"lazy\" srcset=\"https:\/\/pisosmanriquez.cl\/wp-content\/uploads\/2024\/09\/alfombras-683x1024.webp 683w, https:\/\/pisosmanriquez.cl\/wp-content\/uploads\/2024\/09\/alfombras-200x300.webp 200w, https:\/\/pisosmanriquez.cl\/wp-content\/uploads\/2024\/09\/alfombras-600x900.webp 600w, https:\/\/pisosmanriquez.cl\/wp-content\/uploads\/2024\/09\/alfombras.webp 720w\" sizes=\"(max-width: 683px) 100vw, 683px\" \/><\/a><div class=\"w-image-meta\"><div class=\"w-image-title\">Alfombras<\/div><\/div><\/div><\/div><\/div><div class=\"wpb_column vc_column_container\"><div class=\"vc_column-inner\"><div class=\"w-image align_center meta_simple\"><a href=\"\/index.php\/categoria-producto\/ceramico-o-porcelanato\/\" aria-label=\"Porcelanatos y cer\u00e1micos\" class=\"w-image-h\"><img decoding=\"async\" width=\"681\" height=\"1024\" src=\"https:\/\/pisosmanriquez.cl\/wp-content\/uploads\/2024\/06\/REDISENO-PISOS-MANRIQUEZ-15-Copiar-681x1024.png\" class=\"attachment-large size-large\" alt=\"Porcelanatos y cer\u00e1micos\" loading=\"lazy\" srcset=\"https:\/\/pisosmanriquez.cl\/wp-content\/uploads\/2024\/06\/REDISENO-PISOS-MANRIQUEZ-15-Copiar-681x1024.png 681w, https:\/\/pisosmanriquez.cl\/wp-content\/uploads\/2024\/06\/REDISENO-PISOS-MANRIQUEZ-15-Copiar-600x902.png 600w, https:\/\/pisosmanriquez.cl\/wp-content\/uploads\/2024\/06\/REDISENO-PISOS-MANRIQUEZ-15-Copiar-199x300.png 199w, https:\/\/pisosmanriquez.cl\/wp-content\/uploads\/2024\/06\/REDISENO-PISOS-MANRIQUEZ-15-Copiar-1021x1536.png 1021w, https:\/\/pisosmanriquez.cl\/wp-content\/uploads\/2024\/06\/REDISENO-PISOS-MANRIQUEZ-15-Copiar.png 1024w\" sizes=\"(max-width: 681px) 100vw, 681px\" \/><\/a><div class=\"w-image-meta\"><div class=\"w-image-title\">Porcelanatos y cer\u00e1micos<\/div><\/div><\/div><\/div><\/div><div class=\"wpb_column vc_column_container\"><div class=\"vc_column-inner\"><div class=\"w-image align_center meta_simple\"><a href=\"\/index.php\/categoria-producto\/cortinas-roller\/\" aria-label=\"Cortinas Roller\" class=\"w-image-h\"><img decoding=\"async\" width=\"683\" height=\"1024\" src=\"https:\/\/pisosmanriquez.cl\/wp-content\/uploads\/2024\/07\/roller-traslucida-683x1024.png\" class=\"attachment-large size-large\" alt=\"\" loading=\"lazy\" srcset=\"https:\/\/pisosmanriquez.cl\/wp-content\/uploads\/2024\/07\/roller-traslucida-683x1024.png 683w, https:\/\/pisosmanriquez.cl\/wp-content\/uploads\/2024\/07\/roller-traslucida-600x900.png 600w, https:\/\/pisosmanriquez.cl\/wp-content\/uploads\/2024\/07\/roller-traslucida-200x300.png 200w, https:\/\/pisosmanriquez.cl\/wp-content\/uploads\/2024\/07\/roller-traslucida.png 700w\" sizes=\"(max-width: 683px) 100vw, 683px\" \/><\/a><div class=\"w-image-meta\"><div class=\"w-image-title\">Cortinas Roller<\/div><\/div><\/div><\/div><\/div><div class=\"wpb_column vc_column_container\"><div class=\"vc_column-inner\"><div class=\"w-image align_center meta_simple\"><a href=\"\/index.php\/categoria-producto\/papel-mural\/\" aria-label=\"Papel Mural\" class=\"w-image-h\"><img decoding=\"async\" width=\"480\" height=\"720\" src=\"https:\/\/pisosmanriquez.cl\/wp-content\/uploads\/2024\/09\/papel-mural-e1725389160661.webp\" class=\"attachment-large size-large\" alt=\"\" loading=\"lazy\" srcset=\"https:\/\/pisosmanriquez.cl\/wp-content\/uploads\/2024\/09\/papel-mural-e1725389160661.webp 480w, https:\/\/pisosmanriquez.cl\/wp-content\/uploads\/2024\/09\/papel-mural-e1725389160661-200x300.webp 200w\" sizes=\"(max-width: 480px) 100vw, 480px\" \/><\/a><div class=\"w-image-meta\"><div class=\"w-image-title\">Papel Mural<\/div><\/div><\/div><\/div><\/div><div class=\"wpb_column vc_column_container\"><div class=\"vc_column-inner\"><div class=\"w-image align_center meta_simple\"><a href=\"\/index.php\/categoria-producto\/pasto-sintetico\/\" aria-label=\"Pasto Sint\u00e9tico\" class=\"w-image-h\"><img decoding=\"async\" width=\"382\" height=\"573\" src=\"https:\/\/pisosmanriquez.cl\/wp-content\/uploads\/2024\/09\/pasto-e1725390334901.webp\" class=\"attachment-large size-large\" alt=\"\" loading=\"lazy\" srcset=\"https:\/\/pisosmanriquez.cl\/wp-content\/uploads\/2024\/09\/pasto-e1725390334901.webp 382w, https:\/\/pisosmanriquez.cl\/wp-content\/uploads\/2024\/09\/pasto-e1725390334901-200x300.webp 200w\" sizes=\"(max-width: 382px) 100vw, 382px\" \/><\/a><div class=\"w-image-meta\"><div class=\"w-image-title\">Pasto Sint\u00e9tico<\/div><\/div><\/div><\/div><\/div><div class=\"wpb_column vc_column_container\"><div class=\"vc_column-inner\"><div class=\"w-image align_center meta_simple\"><a href=\"\/index.php\/categoria-producto\/piso-flotante\/pisos-flotantes\/\" aria-label=\"Piso Flotante\" class=\"w-image-h\"><img decoding=\"async\" width=\"682\" height=\"1024\" src=\"https:\/\/pisosmanriquez.cl\/wp-content\/uploads\/2024\/07\/Piso-Flotante-e1721310126129-682x1024.jpg\" class=\"attachment-large size-large\" alt=\"\" loading=\"lazy\" srcset=\"https:\/\/pisosmanriquez.cl\/wp-content\/uploads\/2024\/07\/Piso-Flotante-e1721310126129-682x1024.jpg 682w, https:\/\/pisosmanriquez.cl\/wp-content\/uploads\/2024\/07\/Piso-Flotante-e1721310126129-600x900.jpg 600w, https:\/\/pisosmanriquez.cl\/wp-content\/uploads\/2024\/07\/Piso-Flotante-e1721310126129-200x300.jpg 200w, https:\/\/pisosmanriquez.cl\/wp-content\/uploads\/2024\/07\/Piso-Flotante-e1721310126129.jpg 733w\" sizes=\"(max-width: 682px) 100vw, 682px\" \/><\/a><div class=\"w-image-meta\"><div class=\"w-image-title\">Piso Flotante<\/div><\/div><\/div><\/div><\/div><\/div><\/div><\/section><section class=\"l-section wpb_row hide_on_default hide_on_laptops hide_on_tablets height_custom\" id=\"vista-movil\"><div class=\"l-section-h i-cf\"><div class=\"g-cols vc_row via_grid cols_6 laptops-cols_inherit tablets-cols_inherit mobiles-cols_1 valign_top type_default stacking_default\"><div class=\"wpb_column vc_column_container\"><div class=\"vc_column-inner\"><div class=\"w-image us_custom_2f7b2cc4 has_ratio align_center meta_simple\"><a href=\"\/index.php\/categoria-producto\/alfombras\/\" aria-label=\"Alfombras\" class=\"w-image-h\"><div style=\"padding-bottom:100%\"><\/div><img decoding=\"async\" width=\"683\" height=\"1024\" src=\"https:\/\/pisosmanriquez.cl\/wp-content\/uploads\/2024\/09\/alfombras-683x1024.webp\" class=\"attachment-large size-large\" alt=\"\" loading=\"lazy\" srcset=\"https:\/\/pisosmanriquez.cl\/wp-content\/uploads\/2024\/09\/alfombras-683x1024.webp 683w, https:\/\/pisosmanriquez.cl\/wp-content\/uploads\/2024\/09\/alfombras-200x300.webp 200w, https:\/\/pisosmanriquez.cl\/wp-content\/uploads\/2024\/09\/alfombras-600x900.webp 600w, https:\/\/pisosmanriquez.cl\/wp-content\/uploads\/2024\/09\/alfombras.webp 720w\" sizes=\"(max-width: 683px) 100vw, 683px\" \/><\/a><div class=\"w-image-meta\"><div class=\"w-image-title\">Alfombras<\/div><\/div><\/div><\/div><\/div><div class=\"wpb_column vc_column_container\"><div class=\"vc_column-inner\"><div class=\"w-image us_custom_2f7b2cc4 has_ratio align_center meta_simple\"><a href=\"\/index.php\/categoria-producto\/ceramico-o-porcelanato\/\" aria-label=\"Porcelanatos y cer\u00e1micos\" class=\"w-image-h\"><div style=\"padding-bottom:100%\"><\/div><img decoding=\"async\" width=\"681\" height=\"1024\" src=\"https:\/\/pisosmanriquez.cl\/wp-content\/uploads\/2024\/06\/REDISENO-PISOS-MANRIQUEZ-15-Copiar-681x1024.png\" class=\"attachment-large size-large\" alt=\"Porcelanatos y cer\u00e1micos\" loading=\"lazy\" srcset=\"https:\/\/pisosmanriquez.cl\/wp-content\/uploads\/2024\/06\/REDISENO-PISOS-MANRIQUEZ-15-Copiar-681x1024.png 681w, https:\/\/pisosmanriquez.cl\/wp-content\/uploads\/2024\/06\/REDISENO-PISOS-MANRIQUEZ-15-Copiar-600x902.png 600w, https:\/\/pisosmanriquez.cl\/wp-content\/uploads\/2024\/06\/REDISENO-PISOS-MANRIQUEZ-15-Copiar-199x300.png 199w, https:\/\/pisosmanriquez.cl\/wp-content\/uploads\/2024\/06\/REDISENO-PISOS-MANRIQUEZ-15-Copiar-1021x1536.png 1021w, https:\/\/pisosmanriquez.cl\/wp-content\/uploads\/2024\/06\/REDISENO-PISOS-MANRIQUEZ-15-Copiar.png 1024w\" sizes=\"(max-width: 681px) 100vw, 681px\" \/><\/a><div class=\"w-image-meta\"><div class=\"w-image-title\">Porcelanatos y cer\u00e1micos<\/div><\/div><\/div><\/div><\/div><div class=\"wpb_column vc_column_container\"><div class=\"vc_column-inner\"><div class=\"w-image us_custom_2f7b2cc4 has_ratio align_center meta_simple\"><a href=\"\/index.php\/categoria-producto\/cortinas-roller\/\" aria-label=\"Cortinas Roller\" class=\"w-image-h\"><div style=\"padding-bottom:100%\"><\/div><img decoding=\"async\" width=\"683\" height=\"1024\" src=\"https:\/\/pisosmanriquez.cl\/wp-content\/uploads\/2024\/07\/roller-traslucida-683x1024.png\" class=\"attachment-large size-large\" alt=\"\" loading=\"lazy\" srcset=\"https:\/\/pisosmanriquez.cl\/wp-content\/uploads\/2024\/07\/roller-traslucida-683x1024.png 683w, https:\/\/pisosmanriquez.cl\/wp-content\/uploads\/2024\/07\/roller-traslucida-600x900.png 600w, https:\/\/pisosmanriquez.cl\/wp-content\/uploads\/2024\/07\/roller-traslucida-200x300.png 200w, https:\/\/pisosmanriquez.cl\/wp-content\/uploads\/2024\/07\/roller-traslucida.png 700w\" sizes=\"(max-width: 683px) 100vw, 683px\" \/><\/a><div class=\"w-image-meta\"><div class=\"w-image-title\">Cortinas Roller<\/div><\/div><\/div><\/div><\/div><div class=\"wpb_column vc_column_container\"><div class=\"vc_column-inner\"><div class=\"w-image us_custom_2f7b2cc4 has_ratio align_center meta_simple\"><a href=\"\/index.php\/categoria-producto\/papel-mural\/\" aria-label=\"Papel Mural\" class=\"w-image-h\"><div style=\"padding-bottom:100%\"><\/div><img decoding=\"async\" width=\"480\" height=\"720\" src=\"https:\/\/pisosmanriquez.cl\/wp-content\/uploads\/2024\/09\/papel-mural-e1725389160661.webp\" class=\"attachment-large size-large\" alt=\"\" loading=\"lazy\" srcset=\"https:\/\/pisosmanriquez.cl\/wp-content\/uploads\/2024\/09\/papel-mural-e1725389160661.webp 480w, https:\/\/pisosmanriquez.cl\/wp-content\/uploads\/2024\/09\/papel-mural-e1725389160661-200x300.webp 200w\" sizes=\"(max-width: 480px) 100vw, 480px\" \/><\/a><div class=\"w-image-meta\"><div class=\"w-image-title\">Papel Mural<\/div><\/div><\/div><\/div><\/div><div class=\"wpb_column vc_column_container\"><div class=\"vc_column-inner\"><div class=\"w-image us_custom_2f7b2cc4 has_ratio align_center meta_simple\"><a href=\"\/index.php\/categoria-producto\/pasto-sintetico\/\" aria-label=\"Pasto Sint\u00e9tico\" class=\"w-image-h\"><div style=\"padding-bottom:100%\"><\/div><img decoding=\"async\" width=\"382\" height=\"573\" src=\"https:\/\/pisosmanriquez.cl\/wp-content\/uploads\/2024\/09\/pasto-e1725390334901.webp\" class=\"attachment-large size-large\" alt=\"\" loading=\"lazy\" srcset=\"https:\/\/pisosmanriquez.cl\/wp-content\/uploads\/2024\/09\/pasto-e1725390334901.webp 382w, https:\/\/pisosmanriquez.cl\/wp-content\/uploads\/2024\/09\/pasto-e1725390334901-200x300.webp 200w\" sizes=\"(max-width: 382px) 100vw, 382px\" \/><\/a><div class=\"w-image-meta\"><div class=\"w-image-title\">Pasto Sint\u00e9tico<\/div><\/div><\/div><\/div><\/div><div class=\"wpb_column vc_column_container\"><div class=\"vc_column-inner\"><div class=\"w-image us_custom_2f7b2cc4 has_ratio align_center meta_simple\"><a href=\"\/index.php\/categoria-producto\/piso-flotante\/pisos-flotantes\/\" aria-label=\"Piso Flotante\" class=\"w-image-h\"><div style=\"padding-bottom:100%\"><\/div><img decoding=\"async\" width=\"682\" height=\"1024\" src=\"https:\/\/pisosmanriquez.cl\/wp-content\/uploads\/2024\/07\/Piso-Flotante-e1721310126129-682x1024.jpg\" class=\"attachment-large size-large\" alt=\"\" loading=\"lazy\" srcset=\"https:\/\/pisosmanriquez.cl\/wp-content\/uploads\/2024\/07\/Piso-Flotante-e1721310126129-682x1024.jpg 682w, https:\/\/pisosmanriquez.cl\/wp-content\/uploads\/2024\/07\/Piso-Flotante-e1721310126129-600x900.jpg 600w, https:\/\/pisosmanriquez.cl\/wp-content\/uploads\/2024\/07\/Piso-Flotante-e1721310126129-200x300.jpg 200w, https:\/\/pisosmanriquez.cl\/wp-content\/uploads\/2024\/07\/Piso-Flotante-e1721310126129.jpg 733w\" sizes=\"(max-width: 682px) 100vw, 682px\" \/><\/a><div class=\"w-image-meta\"><div class=\"w-image-title\">Piso Flotante<\/div><\/div><\/div><\/div><\/div><\/div><\/div><\/section>\n","protected":false},"excerpt":{"rendered":"AlfombrasPorcelanatos y cer\u00e1micosCortinas RollerPapel MuralPasto Sint\u00e9ticoPiso FlotanteAlfombrasPorcelanatos y cer\u00e1micosCortinas RollerPapel MuralPasto Sint\u00e9ticoPiso Flotante","protected":false},"author":3,"featured_media":0,"parent":0,"menu_order":0,"comment_status":"closed","ping_status":"closed","template":"","meta":{"footnotes":""},"class_list":["post-9104","page","type-page","status-publish","hentry"],"acf":[],"_links":{"self":[{"href":"https:\/\/pisosmanriquez.cl\/index.php\/wp-json\/wp\/v2\/pages\/9104","targetHints":{"allow":["GET"]}}],"collection":[{"href":"https:\/\/pisosmanriquez.cl\/index.php\/wp-json\/wp\/v2\/pages"}],"about":[{"href":"https:\/\/pisosmanriquez.cl\/index.php\/wp-json\/wp\/v2\/types\/page"}],"author":[{"embeddable":true,"href":"https:\/\/pisosmanriquez.cl\/index.php\/wp-json\/wp\/v2\/users\/3"}],"replies":[{"embeddable":true,"href":"https:\/\/pisosmanriquez.cl\/index.php\/wp-json\/wp\/v2\/comments?post=9104"}],"version-history":[{"count":16,"href":"https:\/\/pisosmanriquez.cl\/index.php\/wp-json\/wp\/v2\/pages\/9104\/revisions"}],"predecessor-version":[{"id":15398,"href":"https:\/\/pisosmanriquez.cl\/index.php\/wp-json\/wp\/v2\/pages\/9104\/revisions\/15398"}],"wp:attachment":[{"href":"https:\/\/pisosmanriquez.cl\/index.php\/wp-json\/wp\/v2\/media?parent=9104"}],"curies":[{"name":"wp","href":"https:\/\/api.w.org\/{rel}","templated":true}]}}