{"id":10232,"date":"2024-06-24T13:04:31","date_gmt":"2024-06-24T16:04:31","guid":{"rendered":"https:\/\/pisosmanriquez.cl\/index.php\/producto\/ceramicas-de-piso-caracteristicas-2\/"},"modified":"2024-06-24T13:05:44","modified_gmt":"2024-06-24T16:05:44","slug":"ceramicas-de-piso-caracteristicas-2","status":"publish","type":"product","link":"https:\/\/pisosmanriquez.cl\/index.php\/producto\/ceramicas-de-piso-caracteristicas-2\/","title":{"rendered":"Cer\u00e1micas De Piso Caracter\u00edsticas"},"content":{"rendered":"<p><strong>Caracter\u00edsticas<\/strong><\/p>\n<div class=\"product-description\">\n<p class=\"no-cursor\">cer. almeida 40a51 41&#215;41 (2m2)<\/p>\n<\/div>\n<div class=\"\">MIRAMAR<\/div>\n","protected":false},"excerpt":{"rendered":"<p>Caracter\u00edsticas cer. almeida 40a51 41&#215;41 (2m2) MIRAMAR<\/p>\n","protected":false},"featured_media":10233,"template":"","meta":[],"product_cat":[194,192],"product_tag":[],"class_list":{"0":"post-10232","1":"product","2":"type-product","3":"status-publish","4":"has-post-thumbnail","6":"product_cat-ceramica-de-piso","7":"product_cat-instalacion-de-ceramico","9":"first","10":"instock","11":"product-type-simple"},"acf":[],"_links":{"self":[{"href":"https:\/\/pisosmanriquez.cl\/index.php\/wp-json\/wp\/v2\/product\/10232","targetHints":{"allow":["GET"]}}],"collection":[{"href":"https:\/\/pisosmanriquez.cl\/index.php\/wp-json\/wp\/v2\/product"}],"about":[{"href":"https:\/\/pisosmanriquez.cl\/index.php\/wp-json\/wp\/v2\/types\/product"}],"wp:featuredmedia":[{"embeddable":true,"href":"https:\/\/pisosmanriquez.cl\/index.php\/wp-json\/wp\/v2\/media\/10233"}],"wp:attachment":[{"href":"https:\/\/pisosmanriquez.cl\/index.php\/wp-json\/wp\/v2\/media?parent=10232"}],"wp:term":[{"taxonomy":"product_cat","embeddable":true,"href":"https:\/\/pisosmanriquez.cl\/index.php\/wp-json\/wp\/v2\/product_cat?post=10232"},{"taxonomy":"product_tag","embeddable":true,"href":"https:\/\/pisosmanriquez.cl\/index.php\/wp-json\/wp\/v2\/product_tag?post=10232"}],"curies":[{"name":"wp","href":"https:\/\/api.w.org\/{rel}","templated":true}]}}