{"id":10405,"date":"2024-06-24T13:13:36","date_gmt":"2024-06-24T16:13:36","guid":{"rendered":"https:\/\/pisosmanriquez.cl\/index.php\/producto\/cortinas-silhouette\/"},"modified":"2024-06-24T13:15:38","modified_gmt":"2024-06-24T16:15:38","slug":"cortinas-silhouette","status":"publish","type":"product","link":"https:\/\/pisosmanriquez.cl\/index.php\/producto\/cortinas-silhouette\/","title":{"rendered":"Cortinas Silhouette"},"content":{"rendered":"<p><strong>Caracter\u00edsticas<\/strong><\/p>\n<div>Las cortinas Silhouette\u00ae \u00a0combina la suavidad y transparencia de una cortina con la funcionalidad de una persiana, ideales para cualquier ambiente y estilo otorgando una apariencia elegante y sofisticada.<\/div>\n<div>Son fabricadas usando telas 100% poli\u00e9ster con un tratamiento antiest\u00e1tico de \u00faltima tecnolog\u00eda y ofrecen, adem\u00e1s hasta un 87% de filtro de los rayos UV estando abierta y un 99% cuando est\u00e1 cerrada.<\/div>\n<div>Las Cortinas silhouette\u00ae, opcionalmente, pueden convertirse en cortinas motorizadas si se desea, integrando un motor como mecanismo. La aplicaci\u00f3n del motor aumenta la vida \u00fatil de la cortina, al mejorar su manipulaci\u00f3n.<\/div>\n","protected":false},"excerpt":{"rendered":"<p>Caracter\u00edsticas Las cortinas Silhouette\u00ae \u00a0combina la suavidad y transparencia de una cortina con la funcionalidad de una persiana, ideales para cualquier ambiente y estilo otorgando una apariencia elegante y sofisticada. Son fabricadas usando telas 100% poli\u00e9ster con un tratamiento antiest\u00e1tico de \u00faltima tecnolog\u00eda y ofrecen, adem\u00e1s hasta un 87% de filtro de los rayos UV&#8230;<\/p>\n","protected":false},"featured_media":10406,"template":"","meta":[],"product_cat":[198],"product_tag":[],"class_list":{"0":"post-10405","1":"product","2":"type-product","3":"status-publish","4":"has-post-thumbnail","6":"product_cat-cortinas-roller","8":"first","9":"instock","10":"product-type-simple"},"acf":[],"_links":{"self":[{"href":"https:\/\/pisosmanriquez.cl\/index.php\/wp-json\/wp\/v2\/product\/10405","targetHints":{"allow":["GET"]}}],"collection":[{"href":"https:\/\/pisosmanriquez.cl\/index.php\/wp-json\/wp\/v2\/product"}],"about":[{"href":"https:\/\/pisosmanriquez.cl\/index.php\/wp-json\/wp\/v2\/types\/product"}],"wp:featuredmedia":[{"embeddable":true,"href":"https:\/\/pisosmanriquez.cl\/index.php\/wp-json\/wp\/v2\/media\/10406"}],"wp:attachment":[{"href":"https:\/\/pisosmanriquez.cl\/index.php\/wp-json\/wp\/v2\/media?parent=10405"}],"wp:term":[{"taxonomy":"product_cat","embeddable":true,"href":"https:\/\/pisosmanriquez.cl\/index.php\/wp-json\/wp\/v2\/product_cat?post=10405"},{"taxonomy":"product_tag","embeddable":true,"href":"https:\/\/pisosmanriquez.cl\/index.php\/wp-json\/wp\/v2\/product_tag?post=10405"}],"curies":[{"name":"wp","href":"https:\/\/api.w.org\/{rel}","templated":true}]}}