{"id":10407,"date":"2024-06-24T13:13:36","date_gmt":"2024-06-24T16:13:36","guid":{"rendered":"https:\/\/pisosmanriquez.cl\/index.php\/producto\/cortinas-twinline\/"},"modified":"2024-06-24T13:15:43","modified_gmt":"2024-06-24T16:15:43","slug":"cortinas-twinline","status":"publish","type":"product","link":"https:\/\/pisosmanriquez.cl\/index.php\/producto\/cortinas-twinline\/","title":{"rendered":"Cortinas Twinline"},"content":{"rendered":"<p><strong>Caracter\u00edsticas<\/strong><\/p>\n<p>La Cortina Roller Twinline es una elegante alternativa para decorar ventanasy controlar la entrada de luz a los ambientes. Sus modernos tejidos alternan\u00a0 franjas horizontales de tela transparente y semiopaca. \u2022 Al accionar la CortinaRoller Twinline las franjas se sobreponen entre s\u00ed, permitiendo un sofisticado\u00a0 \u00a0control de apertura para asegurar tanto un manejo personalizado de iluminaci\u00f3n\u00a0 natural como de la privacidad. \u2022 La configuraci\u00f3n superior Standard, considerael Cobertor 87 con dise\u00f1o de Cenefa Curva para cubrir completamente el rollo,minimizar el paso de luz y otorgar una terminaci\u00f3n est\u00e9tica superior<\/p>\n","protected":false},"excerpt":{"rendered":"<p>Caracter\u00edsticas La Cortina Roller Twinline es una elegante alternativa para decorar ventanasy controlar la entrada de luz a los ambientes. Sus modernos tejidos alternan\u00a0 franjas horizontales de tela transparente y semiopaca. \u2022 Al accionar la CortinaRoller Twinline las franjas se sobreponen entre s\u00ed, permitiendo un sofisticado\u00a0 \u00a0control de apertura para asegurar tanto un manejo personalizado&#8230;<\/p>\n","protected":false},"featured_media":10408,"template":"","meta":[],"product_cat":[198],"product_tag":[],"class_list":{"0":"post-10407","1":"product","2":"type-product","3":"status-publish","4":"has-post-thumbnail","6":"product_cat-cortinas-roller","8":"first","9":"instock","10":"product-type-simple"},"acf":[],"_links":{"self":[{"href":"https:\/\/pisosmanriquez.cl\/index.php\/wp-json\/wp\/v2\/product\/10407","targetHints":{"allow":["GET"]}}],"collection":[{"href":"https:\/\/pisosmanriquez.cl\/index.php\/wp-json\/wp\/v2\/product"}],"about":[{"href":"https:\/\/pisosmanriquez.cl\/index.php\/wp-json\/wp\/v2\/types\/product"}],"wp:featuredmedia":[{"embeddable":true,"href":"https:\/\/pisosmanriquez.cl\/index.php\/wp-json\/wp\/v2\/media\/10408"}],"wp:attachment":[{"href":"https:\/\/pisosmanriquez.cl\/index.php\/wp-json\/wp\/v2\/media?parent=10407"}],"wp:term":[{"taxonomy":"product_cat","embeddable":true,"href":"https:\/\/pisosmanriquez.cl\/index.php\/wp-json\/wp\/v2\/product_cat?post=10407"},{"taxonomy":"product_tag","embeddable":true,"href":"https:\/\/pisosmanriquez.cl\/index.php\/wp-json\/wp\/v2\/product_tag?post=10407"}],"curies":[{"name":"wp","href":"https:\/\/api.w.org\/{rel}","templated":true}]}}