{"id":10409,"date":"2024-06-24T13:13:36","date_gmt":"2024-06-24T16:13:36","guid":{"rendered":"https:\/\/pisosmanriquez.cl\/index.php\/producto\/persiana-de-aluminio-25mm-aluminio\/"},"modified":"2024-06-24T13:15:50","modified_gmt":"2024-06-24T16:15:50","slug":"persiana-de-aluminio-25mm-aluminio","status":"publish","type":"product","link":"https:\/\/pisosmanriquez.cl\/index.php\/producto\/persiana-de-aluminio-25mm-aluminio\/","title":{"rendered":"Persiana De Aluminio 25mm Aluminio"},"content":{"rendered":"<p><strong>Caracter\u00edsticas<\/strong><\/p>\n<p><strong>C\u00f3digo:<\/strong>\u00a01904070006<br \/><strong>Procedencia:<\/strong>\u00a0USA<br \/><strong>Marca:<\/strong>\u00a0Dap Ducasse<br \/><strong>Uso:<\/strong>\u00a0Residencial &#8211; Comercial<\/p>\n<p><strong>Tipo:<\/strong>\u00a0Tipo: Instalaci\u00f3n a cielo o muro, Se opera mediante un bast\u00f3n y cord\u00f3n. Opciones de los comandos.<\/p>\n","protected":false},"excerpt":{"rendered":"<p>Caracter\u00edsticas C\u00f3digo:\u00a01904070006Procedencia:\u00a0USAMarca:\u00a0Dap DucasseUso:\u00a0Residencial &#8211; Comercial Tipo:\u00a0Tipo: Instalaci\u00f3n a cielo o muro, Se opera mediante un bast\u00f3n y cord\u00f3n. Opciones de los comandos.<\/p>\n","protected":false},"featured_media":10410,"template":"","meta":[],"product_cat":[198],"product_tag":[],"class_list":{"0":"post-10409","1":"product","2":"type-product","3":"status-publish","4":"has-post-thumbnail","6":"product_cat-cortinas-roller","8":"first","9":"instock","10":"product-type-simple"},"acf":[],"_links":{"self":[{"href":"https:\/\/pisosmanriquez.cl\/index.php\/wp-json\/wp\/v2\/product\/10409","targetHints":{"allow":["GET"]}}],"collection":[{"href":"https:\/\/pisosmanriquez.cl\/index.php\/wp-json\/wp\/v2\/product"}],"about":[{"href":"https:\/\/pisosmanriquez.cl\/index.php\/wp-json\/wp\/v2\/types\/product"}],"wp:featuredmedia":[{"embeddable":true,"href":"https:\/\/pisosmanriquez.cl\/index.php\/wp-json\/wp\/v2\/media\/10410"}],"wp:attachment":[{"href":"https:\/\/pisosmanriquez.cl\/index.php\/wp-json\/wp\/v2\/media?parent=10409"}],"wp:term":[{"taxonomy":"product_cat","embeddable":true,"href":"https:\/\/pisosmanriquez.cl\/index.php\/wp-json\/wp\/v2\/product_cat?post=10409"},{"taxonomy":"product_tag","embeddable":true,"href":"https:\/\/pisosmanriquez.cl\/index.php\/wp-json\/wp\/v2\/product_tag?post=10409"}],"curies":[{"name":"wp","href":"https:\/\/api.w.org\/{rel}","templated":true}]}}