{"id":10411,"date":"2024-06-24T13:15:56","date_gmt":"2024-06-24T16:15:56","guid":{"rendered":"https:\/\/pisosmanriquez.cl\/index.php\/producto\/persiana-de-aluminio-25mm-beige\/"},"modified":"2024-06-24T13:15:57","modified_gmt":"2024-06-24T16:15:57","slug":"persiana-de-aluminio-25mm-beige","status":"publish","type":"product","link":"https:\/\/pisosmanriquez.cl\/index.php\/producto\/persiana-de-aluminio-25mm-beige\/","title":{"rendered":"Persiana De Aluminio 25mm Beige"},"content":{"rendered":"<p><strong>Caracter\u00edsticas<\/strong><\/p>\n<p><strong>C\u00f3digo:<\/strong>\u00a01904070005<br \/><strong>Procedencia:<\/strong>\u00a0USA<br \/><strong>Marca:<\/strong>\u00a0Dap Ducasse<br \/><strong>Uso:<\/strong>\u00a0Residencial &#8211; Comercial<\/p>\n<p><strong>Descripci\u00f3n:<\/strong>\u00a0Instalaci\u00f3n a cielo o muro, Se opera mediante un bast\u00f3n y cord\u00f3n. Opciones de los comandos.<\/p>\n","protected":false},"excerpt":{"rendered":"<p>Caracter\u00edsticas C\u00f3digo:\u00a01904070005Procedencia:\u00a0USAMarca:\u00a0Dap DucasseUso:\u00a0Residencial &#8211; Comercial Descripci\u00f3n:\u00a0Instalaci\u00f3n a cielo o muro, Se opera mediante un bast\u00f3n y cord\u00f3n. Opciones de los comandos.<\/p>\n","protected":false},"featured_media":10412,"template":"","meta":[],"product_cat":[198],"product_tag":[],"class_list":{"0":"post-10411","1":"product","2":"type-product","3":"status-publish","4":"has-post-thumbnail","6":"product_cat-cortinas-roller","8":"first","9":"instock","10":"product-type-simple"},"acf":[],"_links":{"self":[{"href":"https:\/\/pisosmanriquez.cl\/index.php\/wp-json\/wp\/v2\/product\/10411","targetHints":{"allow":["GET"]}}],"collection":[{"href":"https:\/\/pisosmanriquez.cl\/index.php\/wp-json\/wp\/v2\/product"}],"about":[{"href":"https:\/\/pisosmanriquez.cl\/index.php\/wp-json\/wp\/v2\/types\/product"}],"wp:featuredmedia":[{"embeddable":true,"href":"https:\/\/pisosmanriquez.cl\/index.php\/wp-json\/wp\/v2\/media\/10412"}],"wp:attachment":[{"href":"https:\/\/pisosmanriquez.cl\/index.php\/wp-json\/wp\/v2\/media?parent=10411"}],"wp:term":[{"taxonomy":"product_cat","embeddable":true,"href":"https:\/\/pisosmanriquez.cl\/index.php\/wp-json\/wp\/v2\/product_cat?post=10411"},{"taxonomy":"product_tag","embeddable":true,"href":"https:\/\/pisosmanriquez.cl\/index.php\/wp-json\/wp\/v2\/product_tag?post=10411"}],"curies":[{"name":"wp","href":"https:\/\/api.w.org\/{rel}","templated":true}]}}