{"id":10417,"date":"2024-06-24T13:15:56","date_gmt":"2024-06-24T16:15:56","guid":{"rendered":"https:\/\/pisosmanriquez.cl\/index.php\/producto\/panel-oriental\/"},"modified":"2024-06-24T13:16:16","modified_gmt":"2024-06-24T16:16:16","slug":"panel-oriental","status":"publish","type":"product","link":"https:\/\/pisosmanriquez.cl\/index.php\/producto\/panel-oriental\/","title":{"rendered":"Panel ORIENTAL"},"content":{"rendered":"<p><strong>Caracter\u00edsticas<\/strong><\/p>\n<p>Las Cortinas PANEL ORIENTAL de Decorflex es una propuesta diferente e innovadora para grandes ventanales o separaci\u00f3n de ambientes. Sus caracter\u00edsticas la convierten en una cortina simple y vers\u00e1til, que aporta un look contempor\u00e1neo acorde a las actuales tendencias en arquitectura y decoraci\u00f3n en espacios residenciales y corporativos.<\/p>\n","protected":false},"excerpt":{"rendered":"<p>Caracter\u00edsticas Las Cortinas PANEL ORIENTAL de Decorflex es una propuesta diferente e innovadora para grandes ventanales o separaci\u00f3n de ambientes. Sus caracter\u00edsticas la convierten en una cortina simple y vers\u00e1til, que aporta un look contempor\u00e1neo acorde a las actuales tendencias en arquitectura y decoraci\u00f3n en espacios residenciales y corporativos.<\/p>\n","protected":false},"featured_media":10418,"template":"","meta":[],"product_cat":[198],"product_tag":[],"class_list":{"0":"post-10417","1":"product","2":"type-product","3":"status-publish","4":"has-post-thumbnail","6":"product_cat-cortinas-roller","8":"first","9":"instock","10":"product-type-simple"},"acf":[],"_links":{"self":[{"href":"https:\/\/pisosmanriquez.cl\/index.php\/wp-json\/wp\/v2\/product\/10417","targetHints":{"allow":["GET"]}}],"collection":[{"href":"https:\/\/pisosmanriquez.cl\/index.php\/wp-json\/wp\/v2\/product"}],"about":[{"href":"https:\/\/pisosmanriquez.cl\/index.php\/wp-json\/wp\/v2\/types\/product"}],"wp:featuredmedia":[{"embeddable":true,"href":"https:\/\/pisosmanriquez.cl\/index.php\/wp-json\/wp\/v2\/media\/10418"}],"wp:attachment":[{"href":"https:\/\/pisosmanriquez.cl\/index.php\/wp-json\/wp\/v2\/media?parent=10417"}],"wp:term":[{"taxonomy":"product_cat","embeddable":true,"href":"https:\/\/pisosmanriquez.cl\/index.php\/wp-json\/wp\/v2\/product_cat?post=10417"},{"taxonomy":"product_tag","embeddable":true,"href":"https:\/\/pisosmanriquez.cl\/index.php\/wp-json\/wp\/v2\/product_tag?post=10417"}],"curies":[{"name":"wp","href":"https:\/\/api.w.org\/{rel}","templated":true}]}}