{"id":10419,"date":"2024-06-24T13:15:56","date_gmt":"2024-06-24T16:15:56","guid":{"rendered":"https:\/\/pisosmanriquez.cl\/index.php\/producto\/cortinas-triple-shade\/"},"modified":"2024-06-24T13:16:23","modified_gmt":"2024-06-24T16:16:23","slug":"cortinas-triple-shade","status":"publish","type":"product","link":"https:\/\/pisosmanriquez.cl\/index.php\/producto\/cortinas-triple-shade\/","title":{"rendered":"Cortinas TRIPLE SHADE"},"content":{"rendered":"<p><strong>Caracter\u00edsticas<\/strong><\/p>\n<p>Las Cortinas TRIPLE SHADE \u00a0es una perfecta combinaci\u00f3n ya que posee una apariencia elegante y una gran funcionalidad, permite controlar la luz gracias a sus l\u00e1minas suspendidas entre dos velos, dando la opci\u00f3n de traslucidez cuando las l\u00e1minas est\u00e1n abiertas manteniendo as\u00ed sus ambientes con una luz natural que est\u00e1 leventemente filtrada.<br \/>Al estar cerradas las l\u00e1minas, estas dan privacidad al mismo tiempo de entregar elegancia y estilo.<\/p>\n","protected":false},"excerpt":{"rendered":"<p>Caracter\u00edsticas Las Cortinas TRIPLE SHADE \u00a0es una perfecta combinaci\u00f3n ya que posee una apariencia elegante y una gran funcionalidad, permite controlar la luz gracias a sus l\u00e1minas suspendidas entre dos velos, dando la opci\u00f3n de traslucidez cuando las l\u00e1minas est\u00e1n abiertas manteniendo as\u00ed sus ambientes con una luz natural que est\u00e1 leventemente filtrada.Al estar cerradas&#8230;<\/p>\n","protected":false},"featured_media":10420,"template":"","meta":[],"product_cat":[198],"product_tag":[],"class_list":{"0":"post-10419","1":"product","2":"type-product","3":"status-publish","4":"has-post-thumbnail","6":"product_cat-cortinas-roller","8":"first","9":"instock","10":"product-type-simple"},"acf":[],"_links":{"self":[{"href":"https:\/\/pisosmanriquez.cl\/index.php\/wp-json\/wp\/v2\/product\/10419","targetHints":{"allow":["GET"]}}],"collection":[{"href":"https:\/\/pisosmanriquez.cl\/index.php\/wp-json\/wp\/v2\/product"}],"about":[{"href":"https:\/\/pisosmanriquez.cl\/index.php\/wp-json\/wp\/v2\/types\/product"}],"wp:featuredmedia":[{"embeddable":true,"href":"https:\/\/pisosmanriquez.cl\/index.php\/wp-json\/wp\/v2\/media\/10420"}],"wp:attachment":[{"href":"https:\/\/pisosmanriquez.cl\/index.php\/wp-json\/wp\/v2\/media?parent=10419"}],"wp:term":[{"taxonomy":"product_cat","embeddable":true,"href":"https:\/\/pisosmanriquez.cl\/index.php\/wp-json\/wp\/v2\/product_cat?post=10419"},{"taxonomy":"product_tag","embeddable":true,"href":"https:\/\/pisosmanriquez.cl\/index.php\/wp-json\/wp\/v2\/product_tag?post=10419"}],"curies":[{"name":"wp","href":"https:\/\/api.w.org\/{rel}","templated":true}]}}