{"id":10421,"date":"2024-06-24T13:15:56","date_gmt":"2024-06-24T16:15:56","guid":{"rendered":"https:\/\/pisosmanriquez.cl\/index.php\/producto\/cortinas-duoflex-dim-out\/"},"modified":"2024-06-24T13:16:29","modified_gmt":"2024-06-24T16:16:29","slug":"cortinas-duoflex-dim-out","status":"publish","type":"product","link":"https:\/\/pisosmanriquez.cl\/index.php\/producto\/cortinas-duoflex-dim-out\/","title":{"rendered":"Cortinas DUOFLEX DIM OUT"},"content":{"rendered":"<p><strong>Caracter\u00edsticas<\/strong><\/p>\n<p>Las Cortinas DUOFLEX DIM OUT de DecorFlex destacan por su innovador dise\u00f1o de doble tela que combina delicadas franjas de tela Dios Out y trasl\u00facida, permitiendo bloquear la entrada de luz en cualquier posici\u00f3n de la cortina. Adem\u00e1s de permitir jugar con distintos niveles de traslucid\u00e9z y privacidad a medida que la cortina se abre o cierra. Es una cortina de accionamiento sencillo y muy decorativa.<\/p>\n","protected":false},"excerpt":{"rendered":"<p>Caracter\u00edsticas Las Cortinas DUOFLEX DIM OUT de DecorFlex destacan por su innovador dise\u00f1o de doble tela que combina delicadas franjas de tela Dios Out y trasl\u00facida, permitiendo bloquear la entrada de luz en cualquier posici\u00f3n de la cortina. Adem\u00e1s de permitir jugar con distintos niveles de traslucid\u00e9z y privacidad a medida que la cortina se&#8230;<\/p>\n","protected":false},"featured_media":10422,"template":"","meta":[],"product_cat":[198],"product_tag":[],"class_list":{"0":"post-10421","1":"product","2":"type-product","3":"status-publish","4":"has-post-thumbnail","6":"product_cat-cortinas-roller","8":"first","9":"instock","10":"product-type-simple"},"acf":[],"_links":{"self":[{"href":"https:\/\/pisosmanriquez.cl\/index.php\/wp-json\/wp\/v2\/product\/10421","targetHints":{"allow":["GET"]}}],"collection":[{"href":"https:\/\/pisosmanriquez.cl\/index.php\/wp-json\/wp\/v2\/product"}],"about":[{"href":"https:\/\/pisosmanriquez.cl\/index.php\/wp-json\/wp\/v2\/types\/product"}],"wp:featuredmedia":[{"embeddable":true,"href":"https:\/\/pisosmanriquez.cl\/index.php\/wp-json\/wp\/v2\/media\/10422"}],"wp:attachment":[{"href":"https:\/\/pisosmanriquez.cl\/index.php\/wp-json\/wp\/v2\/media?parent=10421"}],"wp:term":[{"taxonomy":"product_cat","embeddable":true,"href":"https:\/\/pisosmanriquez.cl\/index.php\/wp-json\/wp\/v2\/product_cat?post=10421"},{"taxonomy":"product_tag","embeddable":true,"href":"https:\/\/pisosmanriquez.cl\/index.php\/wp-json\/wp\/v2\/product_tag?post=10421"}],"curies":[{"name":"wp","href":"https:\/\/api.w.org\/{rel}","templated":true}]}}