{"id":10427,"date":"2024-06-24T13:15:56","date_gmt":"2024-06-24T16:15:56","guid":{"rendered":"https:\/\/pisosmanriquez.cl\/index.php\/producto\/persianas-de-aluminio\/"},"modified":"2024-06-24T13:16:46","modified_gmt":"2024-06-24T16:16:46","slug":"persianas-de-aluminio","status":"publish","type":"product","link":"https:\/\/pisosmanriquez.cl\/index.php\/producto\/persianas-de-aluminio\/","title":{"rendered":"Persianas de ALUMINIO"},"content":{"rendered":"<p><strong>Caracter\u00edsticas<\/strong><\/p>\n<p>Dentro de nuestra colecci\u00f3n encontrar\u00e1 nuestra l\u00ednea de\u00a0Persianas de Aluminio\u00a0PERFORADAS Y LISAS. Son apropiadas para cualquier tipo de habitaci\u00f3n. Esto permite combinarlas con cualquier tipo de ambientes. Evite o regule la luz y el calor que desea en su habitaci\u00f3n sabiendo que este elemento de decoraci\u00f3n se adaptar\u00e1\u00a0perfectamente con su entorno.<\/p>\n","protected":false},"excerpt":{"rendered":"<p>Caracter\u00edsticas Dentro de nuestra colecci\u00f3n encontrar\u00e1 nuestra l\u00ednea de\u00a0Persianas de Aluminio\u00a0PERFORADAS Y LISAS. Son apropiadas para cualquier tipo de habitaci\u00f3n. Esto permite combinarlas con cualquier tipo de ambientes. Evite o regule la luz y el calor que desea en su habitaci\u00f3n sabiendo que este elemento de decoraci\u00f3n se adaptar\u00e1\u00a0perfectamente con su entorno.<\/p>\n","protected":false},"featured_media":10428,"template":"","meta":[],"product_cat":[198],"product_tag":[],"class_list":{"0":"post-10427","1":"product","2":"type-product","3":"status-publish","4":"has-post-thumbnail","6":"product_cat-cortinas-roller","8":"first","9":"instock","10":"product-type-simple"},"acf":[],"_links":{"self":[{"href":"https:\/\/pisosmanriquez.cl\/index.php\/wp-json\/wp\/v2\/product\/10427","targetHints":{"allow":["GET"]}}],"collection":[{"href":"https:\/\/pisosmanriquez.cl\/index.php\/wp-json\/wp\/v2\/product"}],"about":[{"href":"https:\/\/pisosmanriquez.cl\/index.php\/wp-json\/wp\/v2\/types\/product"}],"wp:featuredmedia":[{"embeddable":true,"href":"https:\/\/pisosmanriquez.cl\/index.php\/wp-json\/wp\/v2\/media\/10428"}],"wp:attachment":[{"href":"https:\/\/pisosmanriquez.cl\/index.php\/wp-json\/wp\/v2\/media?parent=10427"}],"wp:term":[{"taxonomy":"product_cat","embeddable":true,"href":"https:\/\/pisosmanriquez.cl\/index.php\/wp-json\/wp\/v2\/product_cat?post=10427"},{"taxonomy":"product_tag","embeddable":true,"href":"https:\/\/pisosmanriquez.cl\/index.php\/wp-json\/wp\/v2\/product_tag?post=10427"}],"curies":[{"name":"wp","href":"https:\/\/api.w.org\/{rel}","templated":true}]}}