{"id":10473,"date":"2024-06-24T13:18:01","date_gmt":"2024-06-24T16:18:01","guid":{"rendered":"https:\/\/pisosmanriquez.cl\/index.php\/producto\/papeles-murales-hashtag\/"},"modified":"2024-06-24T13:19:10","modified_gmt":"2024-06-24T16:19:10","slug":"papeles-murales-hashtag","status":"publish","type":"product","link":"https:\/\/pisosmanriquez.cl\/index.php\/producto\/papeles-murales-hashtag\/","title":{"rendered":"Papeles Murales Hashtag"},"content":{"rendered":"<p><strong>Caracter\u00edsticas<\/strong><\/p>\n<p>Dise\u00f1os que rebosan de alegr\u00eda y felicidad.Ofrecen una mezcla de colores pasteles vivos que se adaptan a la serie encantadora de las carteras,las mamushkas\u00a0<br \/>los pajaritos y lechuzas , las gr\u00faas y camiones.<br \/>Los dibujos de Has#tag abrazan el sue\u00f1o de todo los ni\u00f1os y ni\u00f1as.<\/p>\n","protected":false},"excerpt":{"rendered":"<p>Caracter\u00edsticas Dise\u00f1os que rebosan de alegr\u00eda y felicidad.Ofrecen una mezcla de colores pasteles vivos que se adaptan a la serie encantadora de las carteras,las mamushkas\u00a0los pajaritos y lechuzas , las gr\u00faas y camiones.Los dibujos de Has#tag abrazan el sue\u00f1o de todo los ni\u00f1os y ni\u00f1as.<\/p>\n","protected":false},"featured_media":10474,"template":"","meta":[],"product_cat":[199],"product_tag":[],"class_list":{"0":"post-10473","1":"product","2":"type-product","3":"status-publish","4":"has-post-thumbnail","6":"product_cat-instalacion-de-papel-mural","8":"first","9":"instock","10":"product-type-simple"},"acf":[],"_links":{"self":[{"href":"https:\/\/pisosmanriquez.cl\/index.php\/wp-json\/wp\/v2\/product\/10473","targetHints":{"allow":["GET"]}}],"collection":[{"href":"https:\/\/pisosmanriquez.cl\/index.php\/wp-json\/wp\/v2\/product"}],"about":[{"href":"https:\/\/pisosmanriquez.cl\/index.php\/wp-json\/wp\/v2\/types\/product"}],"wp:featuredmedia":[{"embeddable":true,"href":"https:\/\/pisosmanriquez.cl\/index.php\/wp-json\/wp\/v2\/media\/10474"}],"wp:attachment":[{"href":"https:\/\/pisosmanriquez.cl\/index.php\/wp-json\/wp\/v2\/media?parent=10473"}],"wp:term":[{"taxonomy":"product_cat","embeddable":true,"href":"https:\/\/pisosmanriquez.cl\/index.php\/wp-json\/wp\/v2\/product_cat?post=10473"},{"taxonomy":"product_tag","embeddable":true,"href":"https:\/\/pisosmanriquez.cl\/index.php\/wp-json\/wp\/v2\/product_tag?post=10473"}],"curies":[{"name":"wp","href":"https:\/\/api.w.org\/{rel}","templated":true}]}}