{"id":11824,"date":"2024-06-24T14:28:29","date_gmt":"2024-06-24T17:28:29","guid":{"rendered":"https:\/\/pisosmanriquez.cl\/index.php\/producto\/papeles-murales-aquarelle-1\/"},"modified":"2024-06-24T14:29:13","modified_gmt":"2024-06-24T17:29:13","slug":"papeles-murales-aquarelle-1","status":"publish","type":"product","link":"https:\/\/pisosmanriquez.cl\/index.php\/producto\/papeles-murales-aquarelle-1\/","title":{"rendered":"Papeles Murales Aquarelle #1"},"content":{"rendered":"<p><strong>Informaci\u00f3n:<\/strong><\/p>\n<p><strong>C\u00f3digo de producto:\u00a001-INF-SILK<\/strong><\/p>\n<p>Revestimientos para muros 100% Vin\u00edlicos con un ancho de 1,4 mts (el m\u00e1s ancho del mercado) y fabricado en Chile desde 1968. Una amplia gama de texturas, dise\u00f1os y colores que se renuevan constantemente, le entregar\u00e1n todo lo necesario para vestir con elegancia los muros de su hogar.<\/p>\n<p>\u00a0<\/p>\n<p><strong>Caracter\u00edsticas:<\/strong><\/p>\n<p><strong>Producto:<\/strong> Papel Mural Vin\u00edlico<br \/><strong>Peso:<\/strong> 380 grs<br \/><strong>Ancho del rollo:<\/strong> 1.4 mts<\/p>\n","protected":false},"excerpt":{"rendered":"<p>Informaci\u00f3n: C\u00f3digo de producto:\u00a001-INF-SILK Revestimientos para muros 100% Vin\u00edlicos con un ancho de 1,4 mts (el m\u00e1s ancho del mercado) y fabricado en Chile desde 1968. Una amplia gama de texturas, dise\u00f1os y colores que se renuevan constantemente, le entregar\u00e1n todo lo necesario para vestir con elegancia los muros de su hogar. \u00a0 Caracter\u00edsticas: Producto:&#8230;<\/p>\n","protected":false},"featured_media":11825,"template":"","meta":[],"product_cat":[199,200],"product_tag":[],"class_list":{"0":"post-11824","1":"product","2":"type-product","3":"status-publish","4":"has-post-thumbnail","6":"product_cat-instalacion-de-papel-mural","7":"product_cat-papel-mural-vinilico","9":"first","10":"instock","11":"product-type-simple"},"acf":[],"_links":{"self":[{"href":"https:\/\/pisosmanriquez.cl\/index.php\/wp-json\/wp\/v2\/product\/11824","targetHints":{"allow":["GET"]}}],"collection":[{"href":"https:\/\/pisosmanriquez.cl\/index.php\/wp-json\/wp\/v2\/product"}],"about":[{"href":"https:\/\/pisosmanriquez.cl\/index.php\/wp-json\/wp\/v2\/types\/product"}],"wp:featuredmedia":[{"embeddable":true,"href":"https:\/\/pisosmanriquez.cl\/index.php\/wp-json\/wp\/v2\/media\/11825"}],"wp:attachment":[{"href":"https:\/\/pisosmanriquez.cl\/index.php\/wp-json\/wp\/v2\/media?parent=11824"}],"wp:term":[{"taxonomy":"product_cat","embeddable":true,"href":"https:\/\/pisosmanriquez.cl\/index.php\/wp-json\/wp\/v2\/product_cat?post=11824"},{"taxonomy":"product_tag","embeddable":true,"href":"https:\/\/pisosmanriquez.cl\/index.php\/wp-json\/wp\/v2\/product_tag?post=11824"}],"curies":[{"name":"wp","href":"https:\/\/api.w.org\/{rel}","templated":true}]}}