{"id":12010,"date":"2024-06-24T14:39:17","date_gmt":"2024-06-24T17:39:17","guid":{"rendered":"https:\/\/pisosmanriquez.cl\/index.php\/producto\/pisos-laminados-splendor\/"},"modified":"2024-06-24T14:39:18","modified_gmt":"2024-06-24T17:39:18","slug":"pisos-laminados-splendor","status":"publish","type":"product","link":"https:\/\/pisosmanriquez.cl\/index.php\/producto\/pisos-laminados-splendor\/","title":{"rendered":"Pisos Laminados Splendor"},"content":{"rendered":"<p><strong>Caracter\u00edsticas:<\/strong><\/p>\n<p><strong>Clase:\u00a0<\/strong>Clase 32 comercial<strong><br \/><\/strong><strong>Embalaje:<\/strong>\u00a01.60 mt2<strong><br \/>Tablas por caja:\u00a0<\/strong>6 tablas<strong><br \/>Dimensiones:\u00a0<\/strong>1215 x 1.65 mm<strong><br \/>Espesor:\u00a0<\/strong>8.0 mm<strong><br \/>Origen:\u00a0<\/strong>Beaulieu<strong><br \/>Absorci\u00f3n al ruido: <\/strong>N\/A<strong><br \/>Capa intermedia: <\/strong>Fibras de muy alta densidad<strong><br \/>Contrapeso: <\/strong>Melamina<strong><br \/>T\u00e9cnicas de instalaci\u00f3n\u00a0Flotante con sistema de cierre mec\u00e1nico: <\/strong>Flotante con sistema de cierre mec\u00e1nico<strong><br \/>c\u00e1lidos: <\/strong>Si<strong><br \/>Hidr\u00f3fugo:<\/strong> Si<strong><br \/>Clase de abrasi\u00f3n: <\/strong>EN 13329 : AC 3<strong><br \/>Resistencia al impacto:\u00a0<\/strong>EN 13329 : IC 1<strong><br \/>Solides a la luz:\u00a0<\/strong>EN 13329 : 4 (no provoca alteraci\u00f3n)<strong><br \/>Resistencia a las\u00a0manchas:\u00a0<\/strong>EN 13329 : 5<strong><br \/>Resistencia a\u00a0quemaduras de cigarro: <\/strong>EN 13329 : 5<strong><br \/><\/strong><strong>Resistencia a sillas con\u00a0ruedas:\u00a0<\/strong>EN 425 Ning\u00fan cambio visible<strong><br \/>Resistencia a marcas\u00a0de presi\u00f3n:\u00a0<\/strong>EN 424 Ning\u00fan cambio visible<strong><br \/><\/strong><\/p>\n","protected":false},"excerpt":{"rendered":"<p>Caracter\u00edsticas: Clase:\u00a0Clase 32 comercialEmbalaje:\u00a01.60 mt2Tablas por caja:\u00a06 tablasDimensiones:\u00a01215 x 1.65 mmEspesor:\u00a08.0 mmOrigen:\u00a0BeaulieuAbsorci\u00f3n al ruido: N\/ACapa intermedia: Fibras de muy alta densidadContrapeso: MelaminaT\u00e9cnicas de instalaci\u00f3n\u00a0Flotante con sistema de cierre mec\u00e1nico: Flotante con sistema de cierre mec\u00e1nicoc\u00e1lidos: SiHidr\u00f3fugo: SiClase de abrasi\u00f3n: EN 13329 : AC 3Resistencia al impacto:\u00a0EN 13329 : IC 1Solides a la luz:\u00a0EN 13329 :&#8230;<\/p>\n","protected":false},"featured_media":12011,"template":"","meta":[],"product_cat":[204,207],"product_tag":[],"class_list":{"0":"post-12010","1":"product","2":"type-product","3":"status-publish","4":"has-post-thumbnail","6":"product_cat-instalacion-de-pisos-flotantes","7":"product_cat-pisos-laminados","9":"first","10":"instock","11":"product-type-simple"},"acf":[],"_links":{"self":[{"href":"https:\/\/pisosmanriquez.cl\/index.php\/wp-json\/wp\/v2\/product\/12010","targetHints":{"allow":["GET"]}}],"collection":[{"href":"https:\/\/pisosmanriquez.cl\/index.php\/wp-json\/wp\/v2\/product"}],"about":[{"href":"https:\/\/pisosmanriquez.cl\/index.php\/wp-json\/wp\/v2\/types\/product"}],"wp:featuredmedia":[{"embeddable":true,"href":"https:\/\/pisosmanriquez.cl\/index.php\/wp-json\/wp\/v2\/media\/12011"}],"wp:attachment":[{"href":"https:\/\/pisosmanriquez.cl\/index.php\/wp-json\/wp\/v2\/media?parent=12010"}],"wp:term":[{"taxonomy":"product_cat","embeddable":true,"href":"https:\/\/pisosmanriquez.cl\/index.php\/wp-json\/wp\/v2\/product_cat?post=12010"},{"taxonomy":"product_tag","embeddable":true,"href":"https:\/\/pisosmanriquez.cl\/index.php\/wp-json\/wp\/v2\/product_tag?post=12010"}],"curies":[{"name":"wp","href":"https:\/\/api.w.org\/{rel}","templated":true}]}}