{"id":12036,"date":"2024-06-24T14:39:17","date_gmt":"2024-06-24T17:39:17","guid":{"rendered":"https:\/\/pisosmanriquez.cl\/index.php\/producto\/pisos-vinilicos-ecowood-r-50\/"},"modified":"2024-06-24T14:40:45","modified_gmt":"2024-06-24T17:40:45","slug":"pisos-vinilicos-ecowood-r-50","status":"publish","type":"product","link":"https:\/\/pisosmanriquez.cl\/index.php\/producto\/pisos-vinilicos-ecowood-r-50\/","title":{"rendered":"Pisos Vin\u00edlicos Ecowood R-50"},"content":{"rendered":"<p><strong>Caracter\u00edsticas:<\/strong><\/p>\n<div>&#8211; F\u00e1cil mantenci\u00f3n.<\/div>\n<div>&#8211; Apta para alto trafico.<\/div>\n<div>&#8211; Muy higi\u00e9nico.<\/div>\n<div>&#8211; Resistente al agua y humedad.<\/div>\n<div>&#8211; F\u00e1cil instalaci\u00f3n flotante con sistema clic.<\/div>\n<div>&#8211; Requiere radier afinado.<\/div>\n","protected":false},"excerpt":{"rendered":"<p>Caracter\u00edsticas: &#8211; F\u00e1cil mantenci\u00f3n. &#8211; Apta para alto trafico. &#8211; Muy higi\u00e9nico. &#8211; Resistente al agua y humedad. &#8211; F\u00e1cil instalaci\u00f3n flotante con sistema clic. &#8211; Requiere radier afinado.<\/p>\n","protected":false},"featured_media":12037,"template":"","meta":[],"product_cat":[206],"product_tag":[],"class_list":{"0":"post-12036","1":"product","2":"type-product","3":"status-publish","4":"has-post-thumbnail","6":"product_cat-venta-e-instalacion-de-pisos-vinilicos","8":"first","9":"instock","10":"product-type-simple"},"acf":[],"_links":{"self":[{"href":"https:\/\/pisosmanriquez.cl\/index.php\/wp-json\/wp\/v2\/product\/12036","targetHints":{"allow":["GET"]}}],"collection":[{"href":"https:\/\/pisosmanriquez.cl\/index.php\/wp-json\/wp\/v2\/product"}],"about":[{"href":"https:\/\/pisosmanriquez.cl\/index.php\/wp-json\/wp\/v2\/types\/product"}],"wp:featuredmedia":[{"embeddable":true,"href":"https:\/\/pisosmanriquez.cl\/index.php\/wp-json\/wp\/v2\/media\/12037"}],"wp:attachment":[{"href":"https:\/\/pisosmanriquez.cl\/index.php\/wp-json\/wp\/v2\/media?parent=12036"}],"wp:term":[{"taxonomy":"product_cat","embeddable":true,"href":"https:\/\/pisosmanriquez.cl\/index.php\/wp-json\/wp\/v2\/product_cat?post=12036"},{"taxonomy":"product_tag","embeddable":true,"href":"https:\/\/pisosmanriquez.cl\/index.php\/wp-json\/wp\/v2\/product_tag?post=12036"}],"curies":[{"name":"wp","href":"https:\/\/api.w.org\/{rel}","templated":true}]}}