{"id":12044,"date":"2024-06-24T14:39:17","date_gmt":"2024-06-24T17:39:17","guid":{"rendered":"https:\/\/pisosmanriquez.cl\/index.php\/producto\/pisos-de-madera-winwood-9-mm\/"},"modified":"2024-06-24T14:41:10","modified_gmt":"2024-06-24T17:41:10","slug":"pisos-de-madera-winwood-9-mm","status":"publish","type":"product","link":"https:\/\/pisosmanriquez.cl\/index.php\/producto\/pisos-de-madera-winwood-9-mm\/","title":{"rendered":"Pisos de Madera Winwood 9 mm"},"content":{"rendered":"<p><strong>Caracter\u00edsticas:<\/strong><\/p>\n<div>&#8211; 100% Madera natural.<\/div>\n<div>&#8211; Barniz poliuretano con protecci\u00f3n rayos UV.<\/div>\n<div>&#8211; Instalaci\u00f3n flotante o pegada.<\/div>\n<div>&#8211; Resistente a rayaduras superficiales.<\/div>\n<div>&#8211; Indicado para calefacci\u00f3n.<\/div>\n<div>&#8211; F\u00e1cil limpieza.<\/div>\n","protected":false},"excerpt":{"rendered":"<p>Caracter\u00edsticas: &#8211; 100% Madera natural. &#8211; Barniz poliuretano con protecci\u00f3n rayos UV. &#8211; Instalaci\u00f3n flotante o pegada. &#8211; Resistente a rayaduras superficiales. &#8211; Indicado para calefacci\u00f3n. &#8211; F\u00e1cil limpieza.<\/p>\n","protected":false},"featured_media":12045,"template":"","meta":[],"product_cat":[204,205],"product_tag":[],"class_list":{"0":"post-12044","1":"product","2":"type-product","3":"status-publish","4":"has-post-thumbnail","6":"product_cat-instalacion-de-pisos-flotantes","7":"product_cat-pisos-de-madera","9":"first","10":"instock","11":"product-type-simple"},"acf":[],"_links":{"self":[{"href":"https:\/\/pisosmanriquez.cl\/index.php\/wp-json\/wp\/v2\/product\/12044","targetHints":{"allow":["GET"]}}],"collection":[{"href":"https:\/\/pisosmanriquez.cl\/index.php\/wp-json\/wp\/v2\/product"}],"about":[{"href":"https:\/\/pisosmanriquez.cl\/index.php\/wp-json\/wp\/v2\/types\/product"}],"wp:featuredmedia":[{"embeddable":true,"href":"https:\/\/pisosmanriquez.cl\/index.php\/wp-json\/wp\/v2\/media\/12045"}],"wp:attachment":[{"href":"https:\/\/pisosmanriquez.cl\/index.php\/wp-json\/wp\/v2\/media?parent=12044"}],"wp:term":[{"taxonomy":"product_cat","embeddable":true,"href":"https:\/\/pisosmanriquez.cl\/index.php\/wp-json\/wp\/v2\/product_cat?post=12044"},{"taxonomy":"product_tag","embeddable":true,"href":"https:\/\/pisosmanriquez.cl\/index.php\/wp-json\/wp\/v2\/product_tag?post=12044"}],"curies":[{"name":"wp","href":"https:\/\/api.w.org\/{rel}","templated":true}]}}