{"id":12048,"date":"2024-06-24T14:39:17","date_gmt":"2024-06-24T17:39:17","guid":{"rendered":"https:\/\/pisosmanriquez.cl\/index.php\/producto\/pisos-laminados-diplomat-8-mm\/"},"modified":"2024-06-24T14:41:24","modified_gmt":"2024-06-24T17:41:24","slug":"pisos-laminados-diplomat-8-mm","status":"publish","type":"product","link":"https:\/\/pisosmanriquez.cl\/index.php\/producto\/pisos-laminados-diplomat-8-mm\/","title":{"rendered":"Pisos Laminados Diplomat 8 mm."},"content":{"rendered":"<p><strong>Caracter\u00edsticas:<\/strong><\/p>\n<div>&#8211; Formato de tabla ancho (19 cms.)<\/div>\n<div>&#8211; Superficie semi mate.<\/div>\n<div>&#8211; Resistente a qu\u00edmicos y rayas.<\/div>\n<div>&#8211; Resistente a golpes y quemaduras.<\/div>\n<div>&#8211; Indicado para calefaccion.<\/div>\n<div>&#8211; F\u00e1cil limpieza.<\/div>\n","protected":false},"excerpt":{"rendered":"<p>Caracter\u00edsticas: &#8211; Formato de tabla ancho (19 cms.) &#8211; Superficie semi mate. &#8211; Resistente a qu\u00edmicos y rayas. &#8211; Resistente a golpes y quemaduras. &#8211; Indicado para calefaccion. &#8211; F\u00e1cil limpieza.<\/p>\n","protected":false},"featured_media":12049,"template":"","meta":[],"product_cat":[204,207],"product_tag":[],"class_list":{"0":"post-12048","1":"product","2":"type-product","3":"status-publish","4":"has-post-thumbnail","6":"product_cat-instalacion-de-pisos-flotantes","7":"product_cat-pisos-laminados","9":"first","10":"instock","11":"product-type-simple"},"acf":[],"_links":{"self":[{"href":"https:\/\/pisosmanriquez.cl\/index.php\/wp-json\/wp\/v2\/product\/12048","targetHints":{"allow":["GET"]}}],"collection":[{"href":"https:\/\/pisosmanriquez.cl\/index.php\/wp-json\/wp\/v2\/product"}],"about":[{"href":"https:\/\/pisosmanriquez.cl\/index.php\/wp-json\/wp\/v2\/types\/product"}],"wp:featuredmedia":[{"embeddable":true,"href":"https:\/\/pisosmanriquez.cl\/index.php\/wp-json\/wp\/v2\/media\/12049"}],"wp:attachment":[{"href":"https:\/\/pisosmanriquez.cl\/index.php\/wp-json\/wp\/v2\/media?parent=12048"}],"wp:term":[{"taxonomy":"product_cat","embeddable":true,"href":"https:\/\/pisosmanriquez.cl\/index.php\/wp-json\/wp\/v2\/product_cat?post=12048"},{"taxonomy":"product_tag","embeddable":true,"href":"https:\/\/pisosmanriquez.cl\/index.php\/wp-json\/wp\/v2\/product_tag?post=12048"}],"curies":[{"name":"wp","href":"https:\/\/api.w.org\/{rel}","templated":true}]}}