{"id":12058,"date":"2024-06-24T14:41:31","date_gmt":"2024-06-24T17:41:31","guid":{"rendered":"https:\/\/pisosmanriquez.cl\/index.php\/producto\/pisos-laminados-contempo-8-mm\/"},"modified":"2024-06-24T14:41:56","modified_gmt":"2024-06-24T17:41:56","slug":"pisos-laminados-contempo-8-mm","status":"publish","type":"product","link":"https:\/\/pisosmanriquez.cl\/index.php\/producto\/pisos-laminados-contempo-8-mm\/","title":{"rendered":"Pisos Laminados Contempo 8 mm."},"content":{"rendered":"<div><strong>Caracter\u00edsticas:<\/strong><\/div>\n<div>\u00a0<\/div>\n<div>&#8211; Ecol\u00f3gico.<\/div>\n<div>&#8211; Resistente a qu\u00edmicos y rayas.<\/div>\n<div>&#8211; Resistente a golpes y quemaduras.<\/div>\n<div>&#8211; Indicado para calefacci\u00f3n.<\/div>\n<div>&#8211; F\u00e1cil limpieza.<\/div>\n<div>&#8211; Procedencia europea (Polonia)<\/div>\n","protected":false},"excerpt":{"rendered":"<p>Caracter\u00edsticas: \u00a0 &#8211; Ecol\u00f3gico. &#8211; Resistente a qu\u00edmicos y rayas. &#8211; Resistente a golpes y quemaduras. &#8211; Indicado para calefacci\u00f3n. &#8211; F\u00e1cil limpieza. &#8211; Procedencia europea (Polonia)<\/p>\n","protected":false},"featured_media":12059,"template":"","meta":[],"product_cat":[204,207],"product_tag":[],"class_list":{"0":"post-12058","1":"product","2":"type-product","3":"status-publish","4":"has-post-thumbnail","6":"product_cat-instalacion-de-pisos-flotantes","7":"product_cat-pisos-laminados","9":"first","10":"instock","11":"product-type-simple"},"acf":[],"_links":{"self":[{"href":"https:\/\/pisosmanriquez.cl\/index.php\/wp-json\/wp\/v2\/product\/12058","targetHints":{"allow":["GET"]}}],"collection":[{"href":"https:\/\/pisosmanriquez.cl\/index.php\/wp-json\/wp\/v2\/product"}],"about":[{"href":"https:\/\/pisosmanriquez.cl\/index.php\/wp-json\/wp\/v2\/types\/product"}],"wp:featuredmedia":[{"embeddable":true,"href":"https:\/\/pisosmanriquez.cl\/index.php\/wp-json\/wp\/v2\/media\/12059"}],"wp:attachment":[{"href":"https:\/\/pisosmanriquez.cl\/index.php\/wp-json\/wp\/v2\/media?parent=12058"}],"wp:term":[{"taxonomy":"product_cat","embeddable":true,"href":"https:\/\/pisosmanriquez.cl\/index.php\/wp-json\/wp\/v2\/product_cat?post=12058"},{"taxonomy":"product_tag","embeddable":true,"href":"https:\/\/pisosmanriquez.cl\/index.php\/wp-json\/wp\/v2\/product_tag?post=12058"}],"curies":[{"name":"wp","href":"https:\/\/api.w.org\/{rel}","templated":true}]}}