{"id":12182,"date":"2024-06-24T14:47:50","date_gmt":"2024-06-24T17:47:50","guid":{"rendered":"https:\/\/pisosmanriquez.cl\/index.php\/producto\/pisos-laminados-viena-merbau-3-83mm\/"},"modified":"2024-06-24T14:48:30","modified_gmt":"2024-06-24T17:48:30","slug":"pisos-laminados-viena-merbau-3-83mm","status":"publish","type":"product","link":"https:\/\/pisosmanriquez.cl\/index.php\/producto\/pisos-laminados-viena-merbau-3-83mm\/","title":{"rendered":"Pisos Laminados Viena Merbau 3 8,3mm"},"content":{"rendered":"<p><strong>Descripci\u00f3n:<\/strong><\/p>\n<p>Decores cl\u00e1sicos de una o dos lamas que entregan gran variedad de posibilidades seg\u00fan sea el look final que se quiere lograr, amplia gama de colores incluyendo los cl\u00e1sicos rojizos hasta los grises<\/p>\n<p><strong>Caracter\u00edsticas:<\/strong><\/p>\n<p>&#8211; 8,3 mm<\/p>\n<p>&#8211; AC4<\/p>\n<p>&#8211; Clase 32<\/p>\n<p>&#8211; Uso Interior<\/p>\n","protected":false},"excerpt":{"rendered":"<p>Descripci\u00f3n: Decores cl\u00e1sicos de una o dos lamas que entregan gran variedad de posibilidades seg\u00fan sea el look final que se quiere lograr, amplia gama de colores incluyendo los cl\u00e1sicos rojizos hasta los grises Caracter\u00edsticas: &#8211; 8,3 mm &#8211; AC4 &#8211; Clase 32 &#8211; Uso Interior<\/p>\n","protected":false},"featured_media":12183,"template":"","meta":[],"product_cat":[204,207],"product_tag":[],"class_list":{"0":"post-12182","1":"product","2":"type-product","3":"status-publish","4":"has-post-thumbnail","6":"product_cat-instalacion-de-pisos-flotantes","7":"product_cat-pisos-laminados","9":"first","10":"instock","11":"product-type-simple"},"acf":[],"_links":{"self":[{"href":"https:\/\/pisosmanriquez.cl\/index.php\/wp-json\/wp\/v2\/product\/12182","targetHints":{"allow":["GET"]}}],"collection":[{"href":"https:\/\/pisosmanriquez.cl\/index.php\/wp-json\/wp\/v2\/product"}],"about":[{"href":"https:\/\/pisosmanriquez.cl\/index.php\/wp-json\/wp\/v2\/types\/product"}],"wp:featuredmedia":[{"embeddable":true,"href":"https:\/\/pisosmanriquez.cl\/index.php\/wp-json\/wp\/v2\/media\/12183"}],"wp:attachment":[{"href":"https:\/\/pisosmanriquez.cl\/index.php\/wp-json\/wp\/v2\/media?parent=12182"}],"wp:term":[{"taxonomy":"product_cat","embeddable":true,"href":"https:\/\/pisosmanriquez.cl\/index.php\/wp-json\/wp\/v2\/product_cat?post=12182"},{"taxonomy":"product_tag","embeddable":true,"href":"https:\/\/pisosmanriquez.cl\/index.php\/wp-json\/wp\/v2\/product_tag?post=12182"}],"curies":[{"name":"wp","href":"https:\/\/api.w.org\/{rel}","templated":true}]}}