{"id":12211,"date":"2024-06-24T14:49:58","date_gmt":"2024-06-24T17:49:58","guid":{"rendered":"https:\/\/pisosmanriquez.cl\/index.php\/producto\/pisos-laminados-ambras-gris-83mm\/"},"modified":"2024-06-24T14:50:08","modified_gmt":"2024-06-24T17:50:08","slug":"pisos-laminados-ambras-gris-83mm","status":"publish","type":"product","link":"https:\/\/pisosmanriquez.cl\/index.php\/producto\/pisos-laminados-ambras-gris-83mm\/","title":{"rendered":"Pisos Laminados Ambras gris  8,3mm"},"content":{"rendered":"<p><strong>Descripci\u00f3n:<\/strong><\/p>\n<p>Dise\u00f1os pensados en personas que buscan crear en sus espacios un lugar \u00fanico. Esta serie es biselada entregando un look actual.<\/p>\n<p><strong>Caracter\u00edsticas:<\/strong><\/p>\n<p>&#8211; 8,3 mm<\/p>\n<p>&#8211; AC4<\/p>\n<p>&#8211; Clase 32<\/p>\n<p>&#8211; 4 Biseles<\/p>\n<p>&#8211; Uso Interior<\/p>\n","protected":false},"excerpt":{"rendered":"<p>Descripci\u00f3n: Dise\u00f1os pensados en personas que buscan crear en sus espacios un lugar \u00fanico. Esta serie es biselada entregando un look actual. Caracter\u00edsticas: &#8211; 8,3 mm &#8211; AC4 &#8211; Clase 32 &#8211; 4 Biseles &#8211; Uso Interior<\/p>\n","protected":false},"featured_media":12212,"template":"","meta":[],"product_cat":[204,207],"product_tag":[],"class_list":{"0":"post-12211","1":"product","2":"type-product","3":"status-publish","4":"has-post-thumbnail","6":"product_cat-instalacion-de-pisos-flotantes","7":"product_cat-pisos-laminados","9":"first","10":"instock","11":"product-type-simple"},"acf":[],"_links":{"self":[{"href":"https:\/\/pisosmanriquez.cl\/index.php\/wp-json\/wp\/v2\/product\/12211","targetHints":{"allow":["GET"]}}],"collection":[{"href":"https:\/\/pisosmanriquez.cl\/index.php\/wp-json\/wp\/v2\/product"}],"about":[{"href":"https:\/\/pisosmanriquez.cl\/index.php\/wp-json\/wp\/v2\/types\/product"}],"wp:featuredmedia":[{"embeddable":true,"href":"https:\/\/pisosmanriquez.cl\/index.php\/wp-json\/wp\/v2\/media\/12212"}],"wp:attachment":[{"href":"https:\/\/pisosmanriquez.cl\/index.php\/wp-json\/wp\/v2\/media?parent=12211"}],"wp:term":[{"taxonomy":"product_cat","embeddable":true,"href":"https:\/\/pisosmanriquez.cl\/index.php\/wp-json\/wp\/v2\/product_cat?post=12211"},{"taxonomy":"product_tag","embeddable":true,"href":"https:\/\/pisosmanriquez.cl\/index.php\/wp-json\/wp\/v2\/product_tag?post=12211"}],"curies":[{"name":"wp","href":"https:\/\/api.w.org\/{rel}","templated":true}]}}