{"id":12219,"date":"2024-06-24T14:49:58","date_gmt":"2024-06-24T17:49:58","guid":{"rendered":"https:\/\/pisosmanriquez.cl\/index.php\/producto\/pisos-laminados-roble-carrizon-7mm\/"},"modified":"2024-06-24T14:50:35","modified_gmt":"2024-06-24T17:50:35","slug":"pisos-laminados-roble-carrizon-7mm","status":"publish","type":"product","link":"https:\/\/pisosmanriquez.cl\/index.php\/producto\/pisos-laminados-roble-carrizon-7mm\/","title":{"rendered":"Pisos Laminados Roble Carrizon 7mm"},"content":{"rendered":"<p><strong>Descripci\u00f3n:<\/strong><\/p>\n<p>Fotolaminado Alem\u00e1n de dise\u00f1o cl\u00e1sico y colores neutros que aportan belleza y calidez a los diferentes ambientes.<\/p>\n<p><strong>Caracter\u00edsticas:<\/strong><\/p>\n<p>&#8211; 7 mm<\/p>\n<p>&#8211; AC3<\/p>\n<p>&#8211; Clase 31<\/p>\n<p>&#8211; Uso Interior<\/p>\n<p>\u00a0<\/p>\n","protected":false},"excerpt":{"rendered":"<p>Descripci\u00f3n: Fotolaminado Alem\u00e1n de dise\u00f1o cl\u00e1sico y colores neutros que aportan belleza y calidez a los diferentes ambientes. Caracter\u00edsticas: &#8211; 7 mm &#8211; AC3 &#8211; Clase 31 &#8211; Uso Interior \u00a0<\/p>\n","protected":false},"featured_media":12220,"template":"","meta":[],"product_cat":[204,207],"product_tag":[],"class_list":{"0":"post-12219","1":"product","2":"type-product","3":"status-publish","4":"has-post-thumbnail","6":"product_cat-instalacion-de-pisos-flotantes","7":"product_cat-pisos-laminados","9":"first","10":"instock","11":"product-type-simple"},"acf":[],"_links":{"self":[{"href":"https:\/\/pisosmanriquez.cl\/index.php\/wp-json\/wp\/v2\/product\/12219","targetHints":{"allow":["GET"]}}],"collection":[{"href":"https:\/\/pisosmanriquez.cl\/index.php\/wp-json\/wp\/v2\/product"}],"about":[{"href":"https:\/\/pisosmanriquez.cl\/index.php\/wp-json\/wp\/v2\/types\/product"}],"wp:featuredmedia":[{"embeddable":true,"href":"https:\/\/pisosmanriquez.cl\/index.php\/wp-json\/wp\/v2\/media\/12220"}],"wp:attachment":[{"href":"https:\/\/pisosmanriquez.cl\/index.php\/wp-json\/wp\/v2\/media?parent=12219"}],"wp:term":[{"taxonomy":"product_cat","embeddable":true,"href":"https:\/\/pisosmanriquez.cl\/index.php\/wp-json\/wp\/v2\/product_cat?post=12219"},{"taxonomy":"product_tag","embeddable":true,"href":"https:\/\/pisosmanriquez.cl\/index.php\/wp-json\/wp\/v2\/product_tag?post=12219"}],"curies":[{"name":"wp","href":"https:\/\/api.w.org\/{rel}","templated":true}]}}