{"id":12335,"date":"2024-06-24T14:54:21","date_gmt":"2024-06-24T17:54:21","guid":{"rendered":"https:\/\/pisosmanriquez.cl\/index.php\/producto\/almeria-marron-46x46\/"},"modified":"2024-06-24T14:56:24","modified_gmt":"2024-06-24T17:56:24","slug":"almeria-marron-46x46","status":"publish","type":"product","link":"https:\/\/pisosmanriquez.cl\/index.php\/producto\/almeria-marron-46x46\/","title":{"rendered":"Almeria Marr\u00f3n 46\u00d746"},"content":{"rendered":"<p>Cer\u00e1mica con alternativas para muro y piso, con dise\u00f1o m\u00e1rmol.<\/p>\n<p><b>Largo:<\/b> 46 cm.<\/p>\n<p><b>Ancho:<\/b> 46 cm.<\/p>\n<p><b>x Caja:<\/b> 10 Unid. <\/p>\n<p><b>m2 x Caja:<\/b> 2.14 m2.<\/p>\n","protected":false},"excerpt":{"rendered":"<p>Cer\u00e1mica con alternativas para muro y piso, con dise\u00f1o m\u00e1rmol. Largo: 46 cm. Ancho: 46 cm. x Caja: 10 Unid. m2 x Caja: 2.14 m2.<\/p>\n","protected":false},"featured_media":12336,"template":"","meta":[],"product_cat":[211,192],"product_tag":[],"class_list":{"0":"post-12335","1":"product","2":"type-product","3":"status-publish","4":"has-post-thumbnail","6":"product_cat-ceramicas-marmolizados","7":"product_cat-instalacion-de-ceramico","9":"first","10":"instock","11":"product-type-simple"},"acf":[],"_links":{"self":[{"href":"https:\/\/pisosmanriquez.cl\/index.php\/wp-json\/wp\/v2\/product\/12335","targetHints":{"allow":["GET"]}}],"collection":[{"href":"https:\/\/pisosmanriquez.cl\/index.php\/wp-json\/wp\/v2\/product"}],"about":[{"href":"https:\/\/pisosmanriquez.cl\/index.php\/wp-json\/wp\/v2\/types\/product"}],"wp:featuredmedia":[{"embeddable":true,"href":"https:\/\/pisosmanriquez.cl\/index.php\/wp-json\/wp\/v2\/media\/12336"}],"wp:attachment":[{"href":"https:\/\/pisosmanriquez.cl\/index.php\/wp-json\/wp\/v2\/media?parent=12335"}],"wp:term":[{"taxonomy":"product_cat","embeddable":true,"href":"https:\/\/pisosmanriquez.cl\/index.php\/wp-json\/wp\/v2\/product_cat?post=12335"},{"taxonomy":"product_tag","embeddable":true,"href":"https:\/\/pisosmanriquez.cl\/index.php\/wp-json\/wp\/v2\/product_tag?post=12335"}],"curies":[{"name":"wp","href":"https:\/\/api.w.org\/{rel}","templated":true}]}}