{"id":12337,"date":"2024-06-24T14:54:21","date_gmt":"2024-06-24T17:54:21","guid":{"rendered":"https:\/\/pisosmanriquez.cl\/index.php\/producto\/pisos-laminados-kronotex-mammut-12mm\/"},"modified":"2024-06-24T14:56:38","modified_gmt":"2024-06-24T17:56:38","slug":"pisos-laminados-kronotex-mammut-12mm","status":"publish","type":"product","link":"https:\/\/pisosmanriquez.cl\/index.php\/producto\/pisos-laminados-kronotex-mammut-12mm\/","title":{"rendered":"PISOS LAMINADOS KRONOTEX \u2013 Mammut 12mm"},"content":{"rendered":"<p>Para algunos, lo mejor es lo m\u00ednimo necesario. Si es la perfecci\u00f3n lo que busca, entonces para usted solo hay un suelo laminado: Mammut de Kronotex. La combinaci\u00f3n de las mejores propiedades de Robusto, Dynamic y Exquisit hace de Mammut el mayor y mejor exponente entre los suelos laminados. Por su resistencia a las cargas m\u00e1s fuertes, su aplicaci\u00f3n universal y su aspecto elegante y natural, Mammut es el suelo capaz de satisfacer todas las demandas. Los paneles son extremamente duros y largos, y adem\u00e1s especialmente pr\u00e1cticos. Los estilos decorativos destacan por su car\u00e1cter rural y fascinan por su est\u00e9tica aut\u00e9ntica de madera.<\/p>\n<p> <\/p>\n<table class=\"tablaimagenes\" >\n<tr>\n<td style=\"text-align: center; width: 50%; border: none;\" ><img decoding=\"async\" src=\"https:\/\/pisosmanriquez.cl\/wp-content\/uploads\/2024\/06\/kronotex-mammut-d2800.jpg\"><\/p>\n<p style=\"margin: 0px\">Mammut D2800<\/p>\n<\/td>\n<td style=\"text-align: center; width: 50%; border: none;\"><img decoding=\"async\" src=\"https:\/\/pisosmanriquez.cl\/wp-content\/uploads\/2024\/06\/kronotex-mammut-d3076.jpg\"><\/p>\n<p style=\"margin: 0px\">Mammut D3076<\/p>\n<\/td>\n<\/tr>\n<tr>\n<td style=\"text-align: center; width: 50%; border: none;\" ><img decoding=\"async\" src=\"https:\/\/pisosmanriquez.cl\/wp-content\/uploads\/2024\/06\/kronotex-mammut-d2999.jpg\"><\/p>\n<p style=\"margin: 0px\">Mammut D2999<\/p>\n<\/td>\n<td style=\"text-align: center; width: 50%; border: none;\"><img decoding=\"async\" src=\"https:\/\/pisosmanriquez.cl\/wp-content\/uploads\/2024\/06\/kronotex-mammut-d3081.jpg\"><\/p>\n<p style=\"margin: 0px\">Mammut D3081<\/p>\n<\/td>\n<\/tr>\n<\/table>\n<p><a href=\"http:\/\/www.feltrex.cl\/productos\/wp-content\/uploads\/2016\/11\/pisos-laminados-kronotex-mammut-12mm.pdf\"> <img decoding=\"async\" src=\"https:\/\/pisosmanriquez.cl\/wp-content\/uploads\/2024\/06\/pdf.jpg\" alt=\"\"><\/a><\/p>\n","protected":false},"excerpt":{"rendered":"<p>Para algunos, lo mejor es lo m\u00ednimo necesario. Si es la perfecci\u00f3n lo que busca, entonces para usted solo hay un suelo laminado: Mammut de Kronotex. La combinaci\u00f3n de las mejores propiedades de Robusto, Dynamic y Exquisit hace de Mammut el mayor y mejor exponente entre los suelos laminados. Por su resistencia a las cargas&#8230;<\/p>\n","protected":false},"featured_media":12342,"template":"","meta":[],"product_cat":[204],"product_tag":[],"class_list":{"0":"post-12337","1":"product","2":"type-product","3":"status-publish","4":"has-post-thumbnail","6":"product_cat-instalacion-de-pisos-flotantes","8":"first","9":"instock","10":"product-type-simple"},"acf":[],"_links":{"self":[{"href":"https:\/\/pisosmanriquez.cl\/index.php\/wp-json\/wp\/v2\/product\/12337","targetHints":{"allow":["GET"]}}],"collection":[{"href":"https:\/\/pisosmanriquez.cl\/index.php\/wp-json\/wp\/v2\/product"}],"about":[{"href":"https:\/\/pisosmanriquez.cl\/index.php\/wp-json\/wp\/v2\/types\/product"}],"wp:featuredmedia":[{"embeddable":true,"href":"https:\/\/pisosmanriquez.cl\/index.php\/wp-json\/wp\/v2\/media\/12342"}],"wp:attachment":[{"href":"https:\/\/pisosmanriquez.cl\/index.php\/wp-json\/wp\/v2\/media?parent=12337"}],"wp:term":[{"taxonomy":"product_cat","embeddable":true,"href":"https:\/\/pisosmanriquez.cl\/index.php\/wp-json\/wp\/v2\/product_cat?post=12337"},{"taxonomy":"product_tag","embeddable":true,"href":"https:\/\/pisosmanriquez.cl\/index.php\/wp-json\/wp\/v2\/product_tag?post=12337"}],"curies":[{"name":"wp","href":"https:\/\/api.w.org\/{rel}","templated":true}]}}