{"id":12345,"date":"2024-06-24T14:54:21","date_gmt":"2024-06-24T17:54:21","guid":{"rendered":"https:\/\/pisosmanriquez.cl\/index.php\/producto\/oak-2st-34351-at\/"},"modified":"2024-06-24T14:56:48","modified_gmt":"2024-06-24T17:56:48","slug":"oak-2st-34351-at","status":"publish","type":"product","link":"https:\/\/pisosmanriquez.cl\/index.php\/producto\/oak-2st-34351-at\/","title":{"rendered":"OAK 2ST 34351 AT"},"content":{"rendered":"<p>\n<strong>Caracter\u00edsticas:<\/strong><\/p>\n<p>Espesor: 7 mm<br \/>\nFormato: 1383 x 193 x 7 mm \u2013 Standard<br \/>\nProcedencia: Austria<br \/>\nTextura: AT \u2013 Classic<br \/>\nAdicional: Sin Bisel<\/p>\n<p><strong>Informaci\u00f3n<\/strong><\/p>\n<p>Aut\u00e9nticos, resistentes, higi\u00e9nicos, pr\u00e1cticos, ecol\u00f3gicos, faciles de limpiar e instalar. Kaindl es el mejor Piso Fotolaminado del mercado.<\/p>\n","protected":false},"excerpt":{"rendered":"<p>Caracter\u00edsticas: Espesor: 7 mm Formato: 1383 x 193 x 7 mm \u2013 Standard Procedencia: Austria Textura: AT \u2013 Classic Adicional: Sin Bisel Informaci\u00f3n Aut\u00e9nticos, resistentes, higi\u00e9nicos, pr\u00e1cticos, ecol\u00f3gicos, faciles de limpiar e instalar. Kaindl es el mejor Piso Fotolaminado del mercado.<\/p>\n","protected":false},"featured_media":12346,"template":"","meta":[],"product_cat":[204],"product_tag":[],"class_list":{"0":"post-12345","1":"product","2":"type-product","3":"status-publish","4":"has-post-thumbnail","6":"product_cat-instalacion-de-pisos-flotantes","8":"first","9":"instock","10":"product-type-simple"},"acf":[],"_links":{"self":[{"href":"https:\/\/pisosmanriquez.cl\/index.php\/wp-json\/wp\/v2\/product\/12345","targetHints":{"allow":["GET"]}}],"collection":[{"href":"https:\/\/pisosmanriquez.cl\/index.php\/wp-json\/wp\/v2\/product"}],"about":[{"href":"https:\/\/pisosmanriquez.cl\/index.php\/wp-json\/wp\/v2\/types\/product"}],"wp:featuredmedia":[{"embeddable":true,"href":"https:\/\/pisosmanriquez.cl\/index.php\/wp-json\/wp\/v2\/media\/12346"}],"wp:attachment":[{"href":"https:\/\/pisosmanriquez.cl\/index.php\/wp-json\/wp\/v2\/media?parent=12345"}],"wp:term":[{"taxonomy":"product_cat","embeddable":true,"href":"https:\/\/pisosmanriquez.cl\/index.php\/wp-json\/wp\/v2\/product_cat?post=12345"},{"taxonomy":"product_tag","embeddable":true,"href":"https:\/\/pisosmanriquez.cl\/index.php\/wp-json\/wp\/v2\/product_tag?post=12345"}],"curies":[{"name":"wp","href":"https:\/\/api.w.org\/{rel}","templated":true}]}}