{"id":12351,"date":"2024-06-24T14:56:53","date_gmt":"2024-06-24T17:56:53","guid":{"rendered":"https:\/\/pisosmanriquez.cl\/index.php\/producto\/pietra-28x45\/"},"modified":"2024-06-24T14:57:08","modified_gmt":"2024-06-24T17:57:08","slug":"pietra-28x45","status":"publish","type":"product","link":"https:\/\/pisosmanriquez.cl\/index.php\/producto\/pietra-28x45\/","title":{"rendered":"Pietra 28\u00d745"},"content":{"rendered":"<p>Cer\u00e1mica de piso y muro con dise\u00f1o de piedras naturales.<\/p>\n<p><b>Largo:<\/b> 28 cm.<\/p>\n<p><b>Ancho:<\/b>45 cm.<\/p>\n<p><b>x Caja:<\/b> 16 Unid. <\/p>\n<p><b>m2 x Caja:<\/b> 2.02 m2.<\/p>\n","protected":false},"excerpt":{"rendered":"<p>Cer\u00e1mica de piso y muro con dise\u00f1o de piedras naturales. Largo: 28 cm. Ancho:45 cm. x Caja: 16 Unid. m2 x Caja: 2.02 m2.<\/p>\n","protected":false},"featured_media":12352,"template":"","meta":[],"product_cat":[212,192],"product_tag":[],"class_list":{"0":"post-12351","1":"product","2":"type-product","3":"status-publish","4":"has-post-thumbnail","6":"product_cat-ceramicas-deco","7":"product_cat-instalacion-de-ceramico","9":"first","10":"instock","11":"product-type-simple"},"acf":[],"_links":{"self":[{"href":"https:\/\/pisosmanriquez.cl\/index.php\/wp-json\/wp\/v2\/product\/12351","targetHints":{"allow":["GET"]}}],"collection":[{"href":"https:\/\/pisosmanriquez.cl\/index.php\/wp-json\/wp\/v2\/product"}],"about":[{"href":"https:\/\/pisosmanriquez.cl\/index.php\/wp-json\/wp\/v2\/types\/product"}],"wp:featuredmedia":[{"embeddable":true,"href":"https:\/\/pisosmanriquez.cl\/index.php\/wp-json\/wp\/v2\/media\/12352"}],"wp:attachment":[{"href":"https:\/\/pisosmanriquez.cl\/index.php\/wp-json\/wp\/v2\/media?parent=12351"}],"wp:term":[{"taxonomy":"product_cat","embeddable":true,"href":"https:\/\/pisosmanriquez.cl\/index.php\/wp-json\/wp\/v2\/product_cat?post=12351"},{"taxonomy":"product_tag","embeddable":true,"href":"https:\/\/pisosmanriquez.cl\/index.php\/wp-json\/wp\/v2\/product_tag?post=12351"}],"curies":[{"name":"wp","href":"https:\/\/api.w.org\/{rel}","templated":true}]}}