{"id":12353,"date":"2024-06-24T14:56:53","date_gmt":"2024-06-24T17:56:53","guid":{"rendered":"https:\/\/pisosmanriquez.cl\/index.php\/producto\/oak-1st-k4384-re\/"},"modified":"2024-06-24T14:57:14","modified_gmt":"2024-06-24T17:57:14","slug":"oak-1st-k4384-re","status":"publish","type":"product","link":"https:\/\/pisosmanriquez.cl\/index.php\/producto\/oak-1st-k4384-re\/","title":{"rendered":"OAK 1ST K4384 RE"},"content":{"rendered":"<p>\n<strong>Caracter\u00edsticas:<\/strong><\/p>\n<p>Espesor: 10 mm<br \/>\nFormato: 1383 x 159 x 10 mm \u2013 Premium<br \/>\nProcedencia: Austria<br \/>\nTextura: RE \u2013 Natural<br \/>\nAdicional: Con Bisel<\/p>\n<p><strong>Informaci\u00f3n<\/strong><\/p>\n<p>Aut\u00e9nticos, resistentes, higi\u00e9nicos, pr\u00e1cticos, ecol\u00f3gicos, faciles de limpiar e instalar. Kaindl es el mejor Piso Fotolaminado del mercado.<\/p>\n","protected":false},"excerpt":{"rendered":"<p>Caracter\u00edsticas: Espesor: 10 mm Formato: 1383 x 159 x 10 mm \u2013 Premium Procedencia: Austria Textura: RE \u2013 Natural Adicional: Con Bisel Informaci\u00f3n Aut\u00e9nticos, resistentes, higi\u00e9nicos, pr\u00e1cticos, ecol\u00f3gicos, faciles de limpiar e instalar. Kaindl es el mejor Piso Fotolaminado del mercado.<\/p>\n","protected":false},"featured_media":12354,"template":"","meta":[],"product_cat":[204],"product_tag":[],"class_list":{"0":"post-12353","1":"product","2":"type-product","3":"status-publish","4":"has-post-thumbnail","6":"product_cat-instalacion-de-pisos-flotantes","8":"first","9":"instock","10":"product-type-simple"},"acf":[],"_links":{"self":[{"href":"https:\/\/pisosmanriquez.cl\/index.php\/wp-json\/wp\/v2\/product\/12353","targetHints":{"allow":["GET"]}}],"collection":[{"href":"https:\/\/pisosmanriquez.cl\/index.php\/wp-json\/wp\/v2\/product"}],"about":[{"href":"https:\/\/pisosmanriquez.cl\/index.php\/wp-json\/wp\/v2\/types\/product"}],"wp:featuredmedia":[{"embeddable":true,"href":"https:\/\/pisosmanriquez.cl\/index.php\/wp-json\/wp\/v2\/media\/12354"}],"wp:attachment":[{"href":"https:\/\/pisosmanriquez.cl\/index.php\/wp-json\/wp\/v2\/media?parent=12353"}],"wp:term":[{"taxonomy":"product_cat","embeddable":true,"href":"https:\/\/pisosmanriquez.cl\/index.php\/wp-json\/wp\/v2\/product_cat?post=12353"},{"taxonomy":"product_tag","embeddable":true,"href":"https:\/\/pisosmanriquez.cl\/index.php\/wp-json\/wp\/v2\/product_tag?post=12353"}],"curies":[{"name":"wp","href":"https:\/\/api.w.org\/{rel}","templated":true}]}}