{"id":12357,"date":"2024-06-24T14:56:53","date_gmt":"2024-06-24T17:56:53","guid":{"rendered":"https:\/\/pisosmanriquez.cl\/index.php\/producto\/pizarra-1st-38475-tc\/"},"modified":"2024-06-24T14:57:28","modified_gmt":"2024-06-24T17:57:28","slug":"pizarra-1st-38475-tc","status":"publish","type":"product","link":"https:\/\/pisosmanriquez.cl\/index.php\/producto\/pizarra-1st-38475-tc\/","title":{"rendered":"PIZARRA 1ST 38475 TC"},"content":{"rendered":"<p><strong>Caracter\u00edsticas:<\/strong><\/p>\n<p> Espesor: 8 mm<br \/> Formato: 1285 x 327 x 8 mm \u2013 Tile<br \/> Procedencia: Austria<br \/> Textura: TC \u2013 Classic<br \/> Adicional: Con Bisel<\/p>\n<p> <strong>Informaci\u00f3n<\/strong><\/p>\n<p> Aut\u00e9nticos, resistentes, higi\u00e9nicos, pr\u00e1cticos, ecol\u00f3gicos, faciles de limpiar e instalar. Kaindl es el mejor Piso Fotolaminado del mercado.<\/p>\n","protected":false},"excerpt":{"rendered":"<p>Caracter\u00edsticas: Espesor: 8 mm Formato: 1285 x 327 x 8 mm \u2013 Tile Procedencia: Austria Textura: TC \u2013 Classic Adicional: Con Bisel Informaci\u00f3n Aut\u00e9nticos, resistentes, higi\u00e9nicos, pr\u00e1cticos, ecol\u00f3gicos, faciles de limpiar e instalar. Kaindl es el mejor Piso Fotolaminado del mercado.<\/p>\n","protected":false},"featured_media":12358,"template":"","meta":[],"product_cat":[204],"product_tag":[],"class_list":{"0":"post-12357","1":"product","2":"type-product","3":"status-publish","4":"has-post-thumbnail","6":"product_cat-instalacion-de-pisos-flotantes","8":"first","9":"instock","10":"product-type-simple"},"acf":[],"_links":{"self":[{"href":"https:\/\/pisosmanriquez.cl\/index.php\/wp-json\/wp\/v2\/product\/12357","targetHints":{"allow":["GET"]}}],"collection":[{"href":"https:\/\/pisosmanriquez.cl\/index.php\/wp-json\/wp\/v2\/product"}],"about":[{"href":"https:\/\/pisosmanriquez.cl\/index.php\/wp-json\/wp\/v2\/types\/product"}],"wp:featuredmedia":[{"embeddable":true,"href":"https:\/\/pisosmanriquez.cl\/index.php\/wp-json\/wp\/v2\/media\/12358"}],"wp:attachment":[{"href":"https:\/\/pisosmanriquez.cl\/index.php\/wp-json\/wp\/v2\/media?parent=12357"}],"wp:term":[{"taxonomy":"product_cat","embeddable":true,"href":"https:\/\/pisosmanriquez.cl\/index.php\/wp-json\/wp\/v2\/product_cat?post=12357"},{"taxonomy":"product_tag","embeddable":true,"href":"https:\/\/pisosmanriquez.cl\/index.php\/wp-json\/wp\/v2\/product_tag?post=12357"}],"curies":[{"name":"wp","href":"https:\/\/api.w.org\/{rel}","templated":true}]}}