{"id":12379,"date":"2024-06-24T14:56:53","date_gmt":"2024-06-24T17:56:53","guid":{"rendered":"https:\/\/pisosmanriquez.cl\/index.php\/producto\/sole-46x46\/"},"modified":"2024-06-24T14:58:33","modified_gmt":"2024-06-24T17:58:33","slug":"sole-46x46","status":"publish","type":"product","link":"https:\/\/pisosmanriquez.cl\/index.php\/producto\/sole-46x46\/","title":{"rendered":"Sole 46\u00d746"},"content":{"rendered":"<p>Cer\u00e1mica de piso, con variados dise\u00f1os con look madera.<\/p>\n<p><b>Largo:<\/b> 46 cm.<\/p>\n<p><b>Ancho:<\/b> 46 cm.<\/p>\n<p><b>x Caja:<\/b> 10 Unid. <\/p>\n<p><b>m2 x Caja:<\/b> 2.14 m2.<\/p>\n","protected":false},"excerpt":{"rendered":"<p>Cer\u00e1mica de piso, con variados dise\u00f1os con look madera. Largo: 46 cm. Ancho: 46 cm. x Caja: 10 Unid. m2 x Caja: 2.14 m2.<\/p>\n","protected":false},"featured_media":12380,"template":"","meta":[],"product_cat":[213,192],"product_tag":[],"class_list":{"0":"post-12379","1":"product","2":"type-product","3":"status-publish","4":"has-post-thumbnail","6":"product_cat-ceramica-madera","7":"product_cat-instalacion-de-ceramico","9":"first","10":"instock","11":"product-type-simple"},"acf":[],"_links":{"self":[{"href":"https:\/\/pisosmanriquez.cl\/index.php\/wp-json\/wp\/v2\/product\/12379","targetHints":{"allow":["GET"]}}],"collection":[{"href":"https:\/\/pisosmanriquez.cl\/index.php\/wp-json\/wp\/v2\/product"}],"about":[{"href":"https:\/\/pisosmanriquez.cl\/index.php\/wp-json\/wp\/v2\/types\/product"}],"wp:featuredmedia":[{"embeddable":true,"href":"https:\/\/pisosmanriquez.cl\/index.php\/wp-json\/wp\/v2\/media\/12380"}],"wp:attachment":[{"href":"https:\/\/pisosmanriquez.cl\/index.php\/wp-json\/wp\/v2\/media?parent=12379"}],"wp:term":[{"taxonomy":"product_cat","embeddable":true,"href":"https:\/\/pisosmanriquez.cl\/index.php\/wp-json\/wp\/v2\/product_cat?post=12379"},{"taxonomy":"product_tag","embeddable":true,"href":"https:\/\/pisosmanriquez.cl\/index.php\/wp-json\/wp\/v2\/product_tag?post=12379"}],"curies":[{"name":"wp","href":"https:\/\/api.w.org\/{rel}","templated":true}]}}