{"id":12411,"date":"2024-06-24T14:58:56","date_gmt":"2024-06-24T17:58:56","guid":{"rendered":"https:\/\/pisosmanriquez.cl\/index.php\/producto\/oak-k4365-rp-3in1\/"},"modified":"2024-06-24T15:00:10","modified_gmt":"2024-06-24T18:00:10","slug":"oak-k4365-rp-3in1","status":"publish","type":"product","link":"https:\/\/pisosmanriquez.cl\/index.php\/producto\/oak-k4365-rp-3in1\/","title":{"rendered":"OAK K4365 RP 3IN1"},"content":{"rendered":"<p>\n<strong>Caracter\u00edsticas:<\/strong><\/p>\n<p>Espesor: 8 mm<br \/>\nFormato: 1383 x 193 x 8 mm \u2013 Standard<br \/>\nProcedencia: Austria<br \/>\nTextura: RP \u2013 Natural<br \/>\nAdicional: Bisel<\/p>\n<p><strong>Informaci\u00f3n<\/strong><\/p>\n<p>Aut\u00e9nticos, resistentes, higi\u00e9nicos, pr\u00e1cticos, ecol\u00f3gicos, faciles de limpiar e instalar. Kaindl es el mejor Piso Fotolaminado del mercado.<\/p>\n","protected":false},"excerpt":{"rendered":"<p>Caracter\u00edsticas: Espesor: 8 mm Formato: 1383 x 193 x 8 mm \u2013 Standard Procedencia: Austria Textura: RP \u2013 Natural Adicional: Bisel Informaci\u00f3n Aut\u00e9nticos, resistentes, higi\u00e9nicos, pr\u00e1cticos, ecol\u00f3gicos, faciles de limpiar e instalar. Kaindl es el mejor Piso Fotolaminado del mercado.<\/p>\n","protected":false},"featured_media":12412,"template":"","meta":[],"product_cat":[204],"product_tag":[],"class_list":{"0":"post-12411","1":"product","2":"type-product","3":"status-publish","4":"has-post-thumbnail","6":"product_cat-instalacion-de-pisos-flotantes","8":"first","9":"instock","10":"product-type-simple"},"acf":[],"_links":{"self":[{"href":"https:\/\/pisosmanriquez.cl\/index.php\/wp-json\/wp\/v2\/product\/12411","targetHints":{"allow":["GET"]}}],"collection":[{"href":"https:\/\/pisosmanriquez.cl\/index.php\/wp-json\/wp\/v2\/product"}],"about":[{"href":"https:\/\/pisosmanriquez.cl\/index.php\/wp-json\/wp\/v2\/types\/product"}],"wp:featuredmedia":[{"embeddable":true,"href":"https:\/\/pisosmanriquez.cl\/index.php\/wp-json\/wp\/v2\/media\/12412"}],"wp:attachment":[{"href":"https:\/\/pisosmanriquez.cl\/index.php\/wp-json\/wp\/v2\/media?parent=12411"}],"wp:term":[{"taxonomy":"product_cat","embeddable":true,"href":"https:\/\/pisosmanriquez.cl\/index.php\/wp-json\/wp\/v2\/product_cat?post=12411"},{"taxonomy":"product_tag","embeddable":true,"href":"https:\/\/pisosmanriquez.cl\/index.php\/wp-json\/wp\/v2\/product_tag?post=12411"}],"curies":[{"name":"wp","href":"https:\/\/api.w.org\/{rel}","templated":true}]}}