{"id":12427,"date":"2024-06-24T15:00:58","date_gmt":"2024-06-24T18:00:58","guid":{"rendered":"https:\/\/pisosmanriquez.cl\/index.php\/producto\/cusco-beige-46x46\/"},"modified":"2024-06-24T15:00:59","modified_gmt":"2024-06-24T18:00:59","slug":"cusco-beige-46x46","status":"publish","type":"product","link":"https:\/\/pisosmanriquez.cl\/index.php\/producto\/cusco-beige-46x46\/","title":{"rendered":"Cusco Beige 46\u00d746"},"content":{"rendered":"<p style=\"text-align: justify;\">Cer\u00e1mica de piso y muro, con gran variedad de dise\u00f1os y colores r\u00fasticos pensados para el exterior, como patios, entradas y antejardines.<\/p>\n<p><b>Largo:<\/b> 46 cm.<\/p>\n<p><b>Ancho:<\/b> 46 cm.<\/p>\n<p><b>x Caja:<\/b> 10 Unid.<\/p>\n<p><b>m2 x Caja:<\/b> 2.14 m2.<\/p>\n","protected":false},"excerpt":{"rendered":"<p>Cer\u00e1mica de piso y muro, con gran variedad de dise\u00f1os y colores r\u00fasticos pensados para el exterior, como patios, entradas y antejardines. Largo: 46 cm. Ancho: 46 cm. x Caja: 10 Unid. m2 x Caja: 2.14 m2.<\/p>\n","protected":false},"featured_media":12428,"template":"","meta":[],"product_cat":[214,192],"product_tag":[],"class_list":{"0":"post-12427","1":"product","2":"type-product","3":"status-publish","4":"has-post-thumbnail","6":"product_cat-ceramicas-rustica-exteriores","7":"product_cat-instalacion-de-ceramico","9":"first","10":"instock","11":"product-type-simple"},"acf":[],"_links":{"self":[{"href":"https:\/\/pisosmanriquez.cl\/index.php\/wp-json\/wp\/v2\/product\/12427","targetHints":{"allow":["GET"]}}],"collection":[{"href":"https:\/\/pisosmanriquez.cl\/index.php\/wp-json\/wp\/v2\/product"}],"about":[{"href":"https:\/\/pisosmanriquez.cl\/index.php\/wp-json\/wp\/v2\/types\/product"}],"wp:featuredmedia":[{"embeddable":true,"href":"https:\/\/pisosmanriquez.cl\/index.php\/wp-json\/wp\/v2\/media\/12428"}],"wp:attachment":[{"href":"https:\/\/pisosmanriquez.cl\/index.php\/wp-json\/wp\/v2\/media?parent=12427"}],"wp:term":[{"taxonomy":"product_cat","embeddable":true,"href":"https:\/\/pisosmanriquez.cl\/index.php\/wp-json\/wp\/v2\/product_cat?post=12427"},{"taxonomy":"product_tag","embeddable":true,"href":"https:\/\/pisosmanriquez.cl\/index.php\/wp-json\/wp\/v2\/product_tag?post=12427"}],"curies":[{"name":"wp","href":"https:\/\/api.w.org\/{rel}","templated":true}]}}