{"id":12465,"date":"2024-06-24T15:00:58","date_gmt":"2024-06-24T18:00:58","guid":{"rendered":"https:\/\/pisosmanriquez.cl\/index.php\/producto\/viena-44x44\/"},"modified":"2024-06-24T15:02:56","modified_gmt":"2024-06-24T18:02:56","slug":"viena-44x44","status":"publish","type":"product","link":"https:\/\/pisosmanriquez.cl\/index.php\/producto\/viena-44x44\/","title":{"rendered":"Viena 44\u00d744"},"content":{"rendered":"<p>Cer\u00e1mica de piso y muro, con gran variedad de dise\u00f1os y colores r\u00fasticos.<\/p>\n<p><b>Largo:<\/b> 44 cm.<\/p>\n<p><b>Ancho:<\/b> 44 cm.<\/p>\n<p><b>x Caja:<\/b> 8 Unid.<\/p>\n<p><b>m2 x Caja:<\/b> 1.54 m2.<\/p>\n","protected":false},"excerpt":{"rendered":"<p>Cer\u00e1mica de piso y muro, con gran variedad de dise\u00f1os y colores r\u00fasticos. Largo: 44 cm. Ancho: 44 cm. x Caja: 8 Unid. m2 x Caja: 1.54 m2.<\/p>\n","protected":false},"featured_media":12466,"template":"","meta":[],"product_cat":[215,192],"product_tag":[],"class_list":{"0":"post-12465","1":"product","2":"type-product","3":"status-publish","4":"has-post-thumbnail","6":"product_cat-ceramica-rustica","7":"product_cat-instalacion-de-ceramico","9":"first","10":"instock","11":"product-type-simple"},"acf":[],"_links":{"self":[{"href":"https:\/\/pisosmanriquez.cl\/index.php\/wp-json\/wp\/v2\/product\/12465","targetHints":{"allow":["GET"]}}],"collection":[{"href":"https:\/\/pisosmanriquez.cl\/index.php\/wp-json\/wp\/v2\/product"}],"about":[{"href":"https:\/\/pisosmanriquez.cl\/index.php\/wp-json\/wp\/v2\/types\/product"}],"wp:featuredmedia":[{"embeddable":true,"href":"https:\/\/pisosmanriquez.cl\/index.php\/wp-json\/wp\/v2\/media\/12466"}],"wp:attachment":[{"href":"https:\/\/pisosmanriquez.cl\/index.php\/wp-json\/wp\/v2\/media?parent=12465"}],"wp:term":[{"taxonomy":"product_cat","embeddable":true,"href":"https:\/\/pisosmanriquez.cl\/index.php\/wp-json\/wp\/v2\/product_cat?post=12465"},{"taxonomy":"product_tag","embeddable":true,"href":"https:\/\/pisosmanriquez.cl\/index.php\/wp-json\/wp\/v2\/product_tag?post=12465"}],"curies":[{"name":"wp","href":"https:\/\/api.w.org\/{rel}","templated":true}]}}