{"id":12475,"date":"2024-06-24T15:03:01","date_gmt":"2024-06-24T18:03:01","guid":{"rendered":"https:\/\/pisosmanriquez.cl\/index.php\/producto\/aconcagua-36x36\/"},"modified":"2024-06-24T15:03:28","modified_gmt":"2024-06-24T18:03:28","slug":"aconcagua-36x36","status":"publish","type":"product","link":"https:\/\/pisosmanriquez.cl\/index.php\/producto\/aconcagua-36x36\/","title":{"rendered":"Aconcagua 36\u00d736"},"content":{"rendered":"<p>Cer\u00e1mica de piso y muro, con gran variedad de dise\u00f1os y colores r\u00fasticos.<\/p>\n<p><b>Largo:<\/b> 36 cm.<\/p>\n<p><b>Ancho:<\/b> 36 cm.<\/p>\n<p><b>x Caja:<\/b> 14 Unid.<\/p>\n<p><b>m2 x Caja:<\/b> 2.33 m2.<\/p>\n","protected":false},"excerpt":{"rendered":"<p>Cer\u00e1mica de piso y muro, con gran variedad de dise\u00f1os y colores r\u00fasticos. Largo: 36 cm. Ancho: 36 cm. x Caja: 14 Unid. m2 x Caja: 2.33 m2.<\/p>\n","protected":false},"featured_media":12476,"template":"","meta":[],"product_cat":[215,192],"product_tag":[],"class_list":{"0":"post-12475","1":"product","2":"type-product","3":"status-publish","4":"has-post-thumbnail","6":"product_cat-ceramica-rustica","7":"product_cat-instalacion-de-ceramico","9":"first","10":"instock","11":"product-type-simple"},"acf":[],"_links":{"self":[{"href":"https:\/\/pisosmanriquez.cl\/index.php\/wp-json\/wp\/v2\/product\/12475","targetHints":{"allow":["GET"]}}],"collection":[{"href":"https:\/\/pisosmanriquez.cl\/index.php\/wp-json\/wp\/v2\/product"}],"about":[{"href":"https:\/\/pisosmanriquez.cl\/index.php\/wp-json\/wp\/v2\/types\/product"}],"wp:featuredmedia":[{"embeddable":true,"href":"https:\/\/pisosmanriquez.cl\/index.php\/wp-json\/wp\/v2\/media\/12476"}],"wp:attachment":[{"href":"https:\/\/pisosmanriquez.cl\/index.php\/wp-json\/wp\/v2\/media?parent=12475"}],"wp:term":[{"taxonomy":"product_cat","embeddable":true,"href":"https:\/\/pisosmanriquez.cl\/index.php\/wp-json\/wp\/v2\/product_cat?post=12475"},{"taxonomy":"product_tag","embeddable":true,"href":"https:\/\/pisosmanriquez.cl\/index.php\/wp-json\/wp\/v2\/product_tag?post=12475"}],"curies":[{"name":"wp","href":"https:\/\/api.w.org\/{rel}","templated":true}]}}