{"id":12547,"date":"2024-06-24T15:07:24","date_gmt":"2024-06-24T18:07:24","guid":{"rendered":"https:\/\/pisosmanriquez.cl\/index.php\/producto\/alfombra-first-stripes\/"},"modified":"2024-06-24T15:07:26","modified_gmt":"2024-06-24T18:07:26","slug":"alfombra-first-stripes","status":"publish","type":"product","link":"https:\/\/pisosmanriquez.cl\/index.php\/producto\/alfombra-first-stripes\/","title":{"rendered":"Alfombra First Stripes"},"content":{"rendered":"<div class=\"itemFullText\">\n<b>Proceso de fabricaci\u00f3n:<\/b> tufting <br \/> <br \/>\n<b>Construcci\u00f3n:<\/b> boucle gr\u00e1fico <br \/> <br \/>\n<b>Hilado:<\/b> 100 % nylon <br \/> <br \/>\n<b>M\u00e9todo de te\u00f1ido:<\/b> en masa <br \/> <br \/>\n<b>Galga:<\/b> 1\/10 <br \/> <br \/>\n<b>Peso hilado:<\/b> 540 gr\/m2 <br \/> <br \/>\n<b>Peso total:<\/b> 4300 gr\/m2 <br \/> <br \/>\n<b>Densidad:<\/b> 156.000 \/m2 <br \/> <br \/>\n<b>Formato:<\/b> 50 * 50 cm <br \/> <br \/>\n<b>Base:<\/b> bitumen + fibra de vidrio <br \/> <br \/>\n<b>Norma autoextinguibilidad:<\/b> EN 13501-1 cat Bfls1 <br \/> <br \/>\n<b>Norma estabilidad dimensional:<\/b> EN 986: max 0,2 % <br \/> <br \/>\n<b>Norma propensi\u00f3n est\u00e1tica:<\/b> ISO 6356:< 2 KV <br \/> <br \/>\n<b>Certificaci\u00f3n ecol\u00f3gica:<\/b> LEED, BRE, DIBT <br \/> <br \/>\n<b>Procedencia:<\/b> B\u00e9lgica <br \/> <br \/>\n<b>Garant\u00eda:<\/b> 15 a\u00f1os <br \/> <br \/>\n<b>Clasificaci\u00f3n uso:<\/b> comercial-clase 33 (EN 1307) <br \/> \n<\/div>\n<p> <br \/>\n<a href=\"http:\/\/interfloor.cl\/assets\/upload\/20160505092201-interfloor-alfombra-modular-first-stripes.pdf\"> <img decoding=\"async\" src=\"https:\/\/pisosmanriquez.cl\/wp-content\/uploads\/2024\/06\/pdf.jpg\" alt=\"\"><\/a><\/p>\n","protected":false},"excerpt":{"rendered":"<p>Proceso de fabricaci\u00f3n: tufting Construcci\u00f3n: boucle gr\u00e1fico Hilado: 100 % nylon M\u00e9todo de te\u00f1ido: en masa Galga: 1\/10 Peso hilado: 540 gr\/m2 Peso total: 4300 gr\/m2 Densidad: 156.000 \/m2 Formato: 50 * 50 cm Base: bitumen + fibra de vidrio Norma autoextinguibilidad: EN 13501-1 cat Bfls1 Norma estabilidad dimensional: EN 986: max 0,2 % Norma&#8230;<\/p>\n","protected":false},"featured_media":12548,"template":"","meta":[],"product_cat":[221,216],"product_tag":[],"class_list":{"0":"post-12547","1":"product","2":"type-product","3":"status-publish","4":"has-post-thumbnail","6":"product_cat-alfombras-en-palmetas","7":"product_cat-instalacion-de-alfombras","9":"first","10":"instock","11":"product-type-simple"},"acf":[],"_links":{"self":[{"href":"https:\/\/pisosmanriquez.cl\/index.php\/wp-json\/wp\/v2\/product\/12547","targetHints":{"allow":["GET"]}}],"collection":[{"href":"https:\/\/pisosmanriquez.cl\/index.php\/wp-json\/wp\/v2\/product"}],"about":[{"href":"https:\/\/pisosmanriquez.cl\/index.php\/wp-json\/wp\/v2\/types\/product"}],"wp:featuredmedia":[{"embeddable":true,"href":"https:\/\/pisosmanriquez.cl\/index.php\/wp-json\/wp\/v2\/media\/12548"}],"wp:attachment":[{"href":"https:\/\/pisosmanriquez.cl\/index.php\/wp-json\/wp\/v2\/media?parent=12547"}],"wp:term":[{"taxonomy":"product_cat","embeddable":true,"href":"https:\/\/pisosmanriquez.cl\/index.php\/wp-json\/wp\/v2\/product_cat?post=12547"},{"taxonomy":"product_tag","embeddable":true,"href":"https:\/\/pisosmanriquez.cl\/index.php\/wp-json\/wp\/v2\/product_tag?post=12547"}],"curies":[{"name":"wp","href":"https:\/\/api.w.org\/{rel}","templated":true}]}}