{"id":12553,"date":"2024-06-24T15:07:24","date_gmt":"2024-06-24T18:07:24","guid":{"rendered":"https:\/\/pisosmanriquez.cl\/index.php\/producto\/alfombra-impression\/"},"modified":"2024-06-24T15:07:46","modified_gmt":"2024-06-24T18:07:46","slug":"alfombra-impression","status":"publish","type":"product","link":"https:\/\/pisosmanriquez.cl\/index.php\/producto\/alfombra-impression\/","title":{"rendered":"Alfombra Impression"},"content":{"rendered":"<div class=\"itemFullText\">\n<b>Construcci\u00f3n:<\/b> boucle tejido <br \/> <br \/>\n<b>Hilado:<\/b> 100 % polipropileno <br \/> <br \/>\n<b>M\u00e9todo de te\u00f1ido:<\/b> en masa <br \/> <br \/>\n<b>Puntadas por m2:<\/b> aprox. 212.760\/m2 <br \/> <br \/>\n<b>Peso hilado:<\/b> 550 gr\/m2 <br \/> <br \/>\n<b>Peso total:<\/b> 4300 gr\/m2 <br \/> <br \/>\n<b>Altura tejido:<\/b> 4,0 mm <br \/> <br \/>\n<b>Altura total:<\/b> 7,0 mm <br \/> <br \/>\n<b>Formato:<\/b> 50 * 50 cm <br \/> <br \/>\n<b>Base:<\/b> bitumen + fibra de vidrio <br \/> <br \/>\n<b>Norma autoextinguibilidad:<\/b> clase C seg\u00fan EN13501-1 <br \/> <br \/>\n<b>Norma resistencia color:<\/b> ISO 105-B02: >7 <br \/> <br \/>\n<b>Norma estabilidad dimensional:<\/b> EN 986: max 0,2 % <br \/> <br \/>\n<b>Norma propensi\u00f3n est\u00e1tica:<\/b> < 2 KV seg\u00fan ISO 6356 <br \/> <br \/>\n<b>Clasificaci\u00f3n uso:<\/b> &#8212;&#8212;- <br \/> \n<\/div>\n<p> <br \/>\n<a href=\"http:\/\/interfloor.cl\/assets\/upload\/20160517103134-impression-interfloor.pdf\"> <img decoding=\"async\" src=\"https:\/\/pisosmanriquez.cl\/wp-content\/uploads\/2024\/06\/pdf.jpg\" alt=\"\"><\/a><\/p>\n","protected":false},"excerpt":{"rendered":"<p>Construcci\u00f3n: boucle tejido Hilado: 100 % polipropileno M\u00e9todo de te\u00f1ido: en masa Puntadas por m2: aprox. 212.760\/m2 Peso hilado: 550 gr\/m2 Peso total: 4300 gr\/m2 Altura tejido: 4,0 mm Altura total: 7,0 mm Formato: 50 * 50 cm Base: bitumen + fibra de vidrio Norma autoextinguibilidad: clase C seg\u00fan EN13501-1 Norma resistencia color: ISO 105-B02:&#8230;<\/p>\n","protected":false},"featured_media":12554,"template":"","meta":[],"product_cat":[221,216],"product_tag":[],"class_list":{"0":"post-12553","1":"product","2":"type-product","3":"status-publish","4":"has-post-thumbnail","6":"product_cat-alfombras-en-palmetas","7":"product_cat-instalacion-de-alfombras","9":"first","10":"instock","11":"product-type-simple"},"acf":[],"_links":{"self":[{"href":"https:\/\/pisosmanriquez.cl\/index.php\/wp-json\/wp\/v2\/product\/12553","targetHints":{"allow":["GET"]}}],"collection":[{"href":"https:\/\/pisosmanriquez.cl\/index.php\/wp-json\/wp\/v2\/product"}],"about":[{"href":"https:\/\/pisosmanriquez.cl\/index.php\/wp-json\/wp\/v2\/types\/product"}],"wp:featuredmedia":[{"embeddable":true,"href":"https:\/\/pisosmanriquez.cl\/index.php\/wp-json\/wp\/v2\/media\/12554"}],"wp:attachment":[{"href":"https:\/\/pisosmanriquez.cl\/index.php\/wp-json\/wp\/v2\/media?parent=12553"}],"wp:term":[{"taxonomy":"product_cat","embeddable":true,"href":"https:\/\/pisosmanriquez.cl\/index.php\/wp-json\/wp\/v2\/product_cat?post=12553"},{"taxonomy":"product_tag","embeddable":true,"href":"https:\/\/pisosmanriquez.cl\/index.php\/wp-json\/wp\/v2\/product_tag?post=12553"}],"curies":[{"name":"wp","href":"https:\/\/api.w.org\/{rel}","templated":true}]}}