{"id":12555,"date":"2024-06-24T15:07:24","date_gmt":"2024-06-24T18:07:24","guid":{"rendered":"https:\/\/pisosmanriquez.cl\/index.php\/producto\/alfombra-line-up\/"},"modified":"2024-06-24T15:07:53","modified_gmt":"2024-06-24T18:07:53","slug":"alfombra-line-up","status":"publish","type":"product","link":"https:\/\/pisosmanriquez.cl\/index.php\/producto\/alfombra-line-up\/","title":{"rendered":"Alfombra Line Up"},"content":{"rendered":"<div class=\"itemFullText\">\n<b>Proceso de fabricaci\u00f3n:<\/b> tuffing <br \/> <br \/>\n<b>Construcci\u00f3n:<\/b> boucle <br \/> <br \/>\n<b>Hilado:<\/b> 100% Nylon Xentrys <br \/> <br \/>\n<b>M\u00e9todo de te\u00f1ido:<\/b> 50% en masa &#8211; 50% en fibra <br \/> <br \/>\n<b>Galga:<\/b> 1\/10 <br \/> <br \/>\n<b>Peso hilado:<\/b> 550gr\/m2 <br \/> <br \/>\n<b>Peso total:<\/b> 4400 gr\/m2 <br \/> <br \/>\n<b>Formato:<\/b> 50 * 50 cm <br \/> <br \/>\n<b>Base:<\/b> bitumen + fibra de vidrio <br \/> <br \/>\n<b>Norma autoextinguibilidad:<\/b> EN 13501-cat. Bfis1 <br \/> <br \/>\n<b>Norma resistencia color:<\/b> ISO 105-B02: >7 <br \/> <br \/>\n<b>Norma estabilidad dimensional:<\/b> EN 986: max 0,2 % <br \/> <br \/>\n<b>Altura tejido:<\/b> 2,5 mm <br \/> <br \/>\n<b>Altura total:<\/b> 5,7 mm <br \/> <br \/>\n<b>Norma propensi\u00f3n est\u00e1tica:<\/b> ISO 6356: < KV <br \/> <br \/>\n<b>Clasificaci\u00f3n uso:<\/b> EN 1307: Clase 33-LC 1 <br \/> \n<\/div>\n<p> <br \/>\n<a href=\"http:\/\/interfloor.cl\/assets\/upload\/20160517103714-PDF%20LINE%20UP%202013.pdf\"> <img decoding=\"async\" src=\"https:\/\/pisosmanriquez.cl\/wp-content\/uploads\/2024\/06\/pdf.jpg\" alt=\"\"><\/a><\/p>\n","protected":false},"excerpt":{"rendered":"<p>Proceso de fabricaci\u00f3n: tuffing Construcci\u00f3n: boucle Hilado: 100% Nylon Xentrys M\u00e9todo de te\u00f1ido: 50% en masa &#8211; 50% en fibra Galga: 1\/10 Peso hilado: 550gr\/m2 Peso total: 4400 gr\/m2 Formato: 50 * 50 cm Base: bitumen + fibra de vidrio Norma autoextinguibilidad: EN 13501-cat. Bfis1 Norma resistencia color: ISO 105-B02: >7 Norma estabilidad dimensional: EN&#8230;<\/p>\n","protected":false},"featured_media":12556,"template":"","meta":[],"product_cat":[221,216],"product_tag":[],"class_list":{"0":"post-12555","1":"product","2":"type-product","3":"status-publish","4":"has-post-thumbnail","6":"product_cat-alfombras-en-palmetas","7":"product_cat-instalacion-de-alfombras","9":"first","10":"instock","11":"product-type-simple"},"acf":[],"_links":{"self":[{"href":"https:\/\/pisosmanriquez.cl\/index.php\/wp-json\/wp\/v2\/product\/12555","targetHints":{"allow":["GET"]}}],"collection":[{"href":"https:\/\/pisosmanriquez.cl\/index.php\/wp-json\/wp\/v2\/product"}],"about":[{"href":"https:\/\/pisosmanriquez.cl\/index.php\/wp-json\/wp\/v2\/types\/product"}],"wp:featuredmedia":[{"embeddable":true,"href":"https:\/\/pisosmanriquez.cl\/index.php\/wp-json\/wp\/v2\/media\/12556"}],"wp:attachment":[{"href":"https:\/\/pisosmanriquez.cl\/index.php\/wp-json\/wp\/v2\/media?parent=12555"}],"wp:term":[{"taxonomy":"product_cat","embeddable":true,"href":"https:\/\/pisosmanriquez.cl\/index.php\/wp-json\/wp\/v2\/product_cat?post=12555"},{"taxonomy":"product_tag","embeddable":true,"href":"https:\/\/pisosmanriquez.cl\/index.php\/wp-json\/wp\/v2\/product_tag?post=12555"}],"curies":[{"name":"wp","href":"https:\/\/api.w.org\/{rel}","templated":true}]}}