{"id":12559,"date":"2024-06-24T15:07:24","date_gmt":"2024-06-24T18:07:24","guid":{"rendered":"https:\/\/pisosmanriquez.cl\/index.php\/producto\/alfombra-step-colors\/"},"modified":"2024-06-24T15:08:06","modified_gmt":"2024-06-24T18:08:06","slug":"alfombra-step-colors","status":"publish","type":"product","link":"https:\/\/pisosmanriquez.cl\/index.php\/producto\/alfombra-step-colors\/","title":{"rendered":"Alfombra Step Colors"},"content":{"rendered":"<div class=\"itemFullText\">\n<b>Construcci\u00f3n:<\/b> boucle tejido <br \/> <br \/>\n<b>Hilado:<\/b> 100 % nylon <br \/> <br \/>\n<b>M\u00e9todo de te\u00f1ido:<\/b> en rollo <br \/> <br \/>\n<b>Puntadas por m2:<\/b> aprox. 160.000\/m2 <br \/> <br \/>\n<b>Peso hilado:<\/b> 530 gr\/m2 <br \/> <br \/>\n<b>Peso total:<\/b> 4300 gr\/m2 <br \/> <br \/>\n<b>Altura tejido:<\/b> 2,8 mm <br \/> <br \/>\n<b>Altura total:<\/b> 6,0 mm <br \/> <br \/>\n<b>Formato:<\/b> 50 * 50 cm <br \/> <br \/>\n<b>Base:<\/b> bitumen + fibra de vidrio <br \/> <br \/>\n<b>Norma autoextinguibilidad:<\/b> clase B seg\u00fan EN13501-1 <br \/> <br \/>\n<b>Norma resistencia color:<\/b> ISO 105-B02: > 5-6 <br \/> <br \/>\n<b>Norma estabilidad dimensional:<\/b> EN 986: max 0,2 % <br \/> <br \/>\n<b>Norma propensi\u00f3n est\u00e1tica:<\/b> < 2 KV seg\u00fan ISO 6356 <br \/> <br \/>\n<b>Clasificaci\u00f3n uso:<\/b> EN 1307: Clase 33-LC 1 <br \/> \n<\/div>\n<p> <br \/>\n<a href=\"http:\/\/interfloor.cl\/assets\/upload\/20160517105002-step-colors-interfloor.pdf\"> <img decoding=\"async\" src=\"https:\/\/pisosmanriquez.cl\/wp-content\/uploads\/2024\/06\/pdf.jpg\" alt=\"\"><\/a><\/p>\n","protected":false},"excerpt":{"rendered":"<p>Construcci\u00f3n: boucle tejido Hilado: 100 % nylon M\u00e9todo de te\u00f1ido: en rollo Puntadas por m2: aprox. 160.000\/m2 Peso hilado: 530 gr\/m2 Peso total: 4300 gr\/m2 Altura tejido: 2,8 mm Altura total: 6,0 mm Formato: 50 * 50 cm Base: bitumen + fibra de vidrio Norma autoextinguibilidad: clase B seg\u00fan EN13501-1 Norma resistencia color: ISO 105-B02:&#8230;<\/p>\n","protected":false},"featured_media":12560,"template":"","meta":[],"product_cat":[221,216],"product_tag":[],"class_list":{"0":"post-12559","1":"product","2":"type-product","3":"status-publish","4":"has-post-thumbnail","6":"product_cat-alfombras-en-palmetas","7":"product_cat-instalacion-de-alfombras","9":"first","10":"instock","11":"product-type-simple"},"acf":[],"_links":{"self":[{"href":"https:\/\/pisosmanriquez.cl\/index.php\/wp-json\/wp\/v2\/product\/12559","targetHints":{"allow":["GET"]}}],"collection":[{"href":"https:\/\/pisosmanriquez.cl\/index.php\/wp-json\/wp\/v2\/product"}],"about":[{"href":"https:\/\/pisosmanriquez.cl\/index.php\/wp-json\/wp\/v2\/types\/product"}],"wp:featuredmedia":[{"embeddable":true,"href":"https:\/\/pisosmanriquez.cl\/index.php\/wp-json\/wp\/v2\/media\/12560"}],"wp:attachment":[{"href":"https:\/\/pisosmanriquez.cl\/index.php\/wp-json\/wp\/v2\/media?parent=12559"}],"wp:term":[{"taxonomy":"product_cat","embeddable":true,"href":"https:\/\/pisosmanriquez.cl\/index.php\/wp-json\/wp\/v2\/product_cat?post=12559"},{"taxonomy":"product_tag","embeddable":true,"href":"https:\/\/pisosmanriquez.cl\/index.php\/wp-json\/wp\/v2\/product_tag?post=12559"}],"curies":[{"name":"wp","href":"https:\/\/api.w.org\/{rel}","templated":true}]}}