{"id":12567,"date":"2024-06-24T15:07:24","date_gmt":"2024-06-24T18:07:24","guid":{"rendered":"https:\/\/pisosmanriquez.cl\/index.php\/producto\/alfombras-pelo-cortado-mulan\/"},"modified":"2024-06-24T15:08:34","modified_gmt":"2024-06-24T18:08:34","slug":"alfombras-pelo-cortado-mulan","status":"publish","type":"product","link":"https:\/\/pisosmanriquez.cl\/index.php\/producto\/alfombras-pelo-cortado-mulan\/","title":{"rendered":"Alfombras Pelo Cortado Mulan"},"content":{"rendered":"<div class=\"itemFullText\">\n<h2>CARACTERISTICAS:<\/h2>\n<p> <br \/>\n<b>Construcci\u00f3n:<\/b> Pelo cortado <br \/> <br \/>\n<b>Hilado:<\/b> 100% Pes Tryesse <br \/> <br \/>\n<b>Base primaria:<\/b> Polyester SD <br \/> <br \/>\n<b>Peso hilado:<\/b> 2.040 gr\/m2 &#8211; 60oz\/y2 <br \/> <br \/>\n<b>Base secundaria:<\/b> Action Back <br \/> <br \/>\n<b>Ancho rollo:<\/b> 3.66 mt <br \/> <br \/>\n<b>Peso total:<\/b> 2.040 gr\/m2 <br \/> <br \/>\n<b>Altura total:<\/b> 14.00 mm <br \/> <br \/>\n<b>Uso:<\/b> Residencial <br \/> <br \/>\n<b>Origen:<\/b> Canad\u00e1 <br \/> <br \/>\n<b>Garant\u00eda:<\/b> 3 a\u00f1os <br \/> \n<\/div>\n","protected":false},"excerpt":{"rendered":"<p>CARACTERISTICAS: Construcci\u00f3n: Pelo cortado Hilado: 100% Pes Tryesse Base primaria: Polyester SD Peso hilado: 2.040 gr\/m2 &#8211; 60oz\/y2 Base secundaria: Action Back Ancho rollo: 3.66 mt Peso total: 2.040 gr\/m2 Altura total: 14.00 mm Uso: Residencial Origen: Canad\u00e1 Garant\u00eda: 3 a\u00f1os<\/p>\n","protected":false},"featured_media":12568,"template":"","meta":[],"product_cat":[217,216],"product_tag":[],"class_list":{"0":"post-12567","1":"product","2":"type-product","3":"status-publish","4":"has-post-thumbnail","6":"product_cat-alfombras-pelo-cortado","7":"product_cat-instalacion-de-alfombras","9":"first","10":"instock","11":"product-type-simple"},"acf":[],"_links":{"self":[{"href":"https:\/\/pisosmanriquez.cl\/index.php\/wp-json\/wp\/v2\/product\/12567","targetHints":{"allow":["GET"]}}],"collection":[{"href":"https:\/\/pisosmanriquez.cl\/index.php\/wp-json\/wp\/v2\/product"}],"about":[{"href":"https:\/\/pisosmanriquez.cl\/index.php\/wp-json\/wp\/v2\/types\/product"}],"wp:featuredmedia":[{"embeddable":true,"href":"https:\/\/pisosmanriquez.cl\/index.php\/wp-json\/wp\/v2\/media\/12568"}],"wp:attachment":[{"href":"https:\/\/pisosmanriquez.cl\/index.php\/wp-json\/wp\/v2\/media?parent=12567"}],"wp:term":[{"taxonomy":"product_cat","embeddable":true,"href":"https:\/\/pisosmanriquez.cl\/index.php\/wp-json\/wp\/v2\/product_cat?post=12567"},{"taxonomy":"product_tag","embeddable":true,"href":"https:\/\/pisosmanriquez.cl\/index.php\/wp-json\/wp\/v2\/product_tag?post=12567"}],"curies":[{"name":"wp","href":"https:\/\/api.w.org\/{rel}","templated":true}]}}