{"id":12577,"date":"2024-06-24T15:07:24","date_gmt":"2024-06-24T18:07:24","guid":{"rendered":"https:\/\/pisosmanriquez.cl\/index.php\/producto\/alfombras-boucle-alfa\/"},"modified":"2024-06-24T15:09:06","modified_gmt":"2024-06-24T18:09:06","slug":"alfombras-boucle-alfa","status":"publish","type":"product","link":"https:\/\/pisosmanriquez.cl\/index.php\/producto\/alfombras-boucle-alfa\/","title":{"rendered":"Alfombras Boucle Alfa"},"content":{"rendered":"<div class=\"itemFullText\">\n<h2>CARACTERISTICAS:<\/h2>\n<p> <br \/>\n<b>Galga:<\/b> 1\/10 <br \/> <br \/>\n<b>Construcci\u00f3n:<\/b> Boucle <br \/> <br \/>\n<b>Hilado:<\/b> 100% pp Comfort <br \/> <br \/>\n<b>Base primaria:<\/b> Polipropileno <br \/> <br \/>\n<b>Peso hilado:<\/b> 350 gr\/m2 <br \/> <br \/>\n<b>Base secundaria:<\/b> Easyback <br \/> <br \/>\n<b>Ancho rollo:<\/b> 4,00 mts. <br \/> <br \/>\n<b>Peso total:<\/b> 1145 gr\/m2 <br \/> <br \/>\n<b>Altura total:<\/b> 7,00 mm <br \/> <br \/>\n<b>Largo rollo:<\/b> 40 m <br \/> <br \/>\n<b>Uso:<\/b> Residencial <br \/> <br \/>\n<b>Origen:<\/b> B\u00e9lgica <br \/> <br \/>\n<b>Inflamabilidad:<\/b> EFL <br \/> <br \/>\n<b>Garant\u00eda:<\/b> 3 a\u00f1os <br \/> \n<\/div>\n","protected":false},"excerpt":{"rendered":"<p>CARACTERISTICAS: Galga: 1\/10 Construcci\u00f3n: Boucle Hilado: 100% pp Comfort Base primaria: Polipropileno Peso hilado: 350 gr\/m2 Base secundaria: Easyback Ancho rollo: 4,00 mts. Peso total: 1145 gr\/m2 Altura total: 7,00 mm Largo rollo: 40 m Uso: Residencial Origen: B\u00e9lgica Inflamabilidad: EFL Garant\u00eda: 3 a\u00f1os<\/p>\n","protected":false},"featured_media":12578,"template":"","meta":[],"product_cat":[218,216],"product_tag":[],"class_list":{"0":"post-12577","1":"product","2":"type-product","3":"status-publish","4":"has-post-thumbnail","6":"product_cat-alfombras-boucle","7":"product_cat-instalacion-de-alfombras","9":"first","10":"instock","11":"product-type-simple"},"acf":[],"_links":{"self":[{"href":"https:\/\/pisosmanriquez.cl\/index.php\/wp-json\/wp\/v2\/product\/12577","targetHints":{"allow":["GET"]}}],"collection":[{"href":"https:\/\/pisosmanriquez.cl\/index.php\/wp-json\/wp\/v2\/product"}],"about":[{"href":"https:\/\/pisosmanriquez.cl\/index.php\/wp-json\/wp\/v2\/types\/product"}],"wp:featuredmedia":[{"embeddable":true,"href":"https:\/\/pisosmanriquez.cl\/index.php\/wp-json\/wp\/v2\/media\/12578"}],"wp:attachment":[{"href":"https:\/\/pisosmanriquez.cl\/index.php\/wp-json\/wp\/v2\/media?parent=12577"}],"wp:term":[{"taxonomy":"product_cat","embeddable":true,"href":"https:\/\/pisosmanriquez.cl\/index.php\/wp-json\/wp\/v2\/product_cat?post=12577"},{"taxonomy":"product_tag","embeddable":true,"href":"https:\/\/pisosmanriquez.cl\/index.php\/wp-json\/wp\/v2\/product_tag?post=12577"}],"curies":[{"name":"wp","href":"https:\/\/api.w.org\/{rel}","templated":true}]}}