{"id":13380,"date":"2024-06-24T15:51:42","date_gmt":"2024-06-24T18:51:42","guid":{"rendered":"https:\/\/pisosmanriquez.cl\/index.php\/producto\/peaceful-mood-harvest-straw\/"},"modified":"2024-06-24T15:51:55","modified_gmt":"2024-06-24T18:51:55","slug":"peaceful-mood-harvest-straw","status":"publish","type":"product","link":"https:\/\/pisosmanriquez.cl\/index.php\/producto\/peaceful-mood-harvest-straw\/","title":{"rendered":"PEACEFUL MOOD HARVEST STRAW"},"content":{"rendered":"<p><b>Tama\u00f1o:<\/b> 15MM\/3.66 <br \/>\n<b>C\u00f3digo:<\/b> 11P3051117 <br \/>\n<b>Procedencia:<\/b> EEUU <br \/>\n<b>Marca:<\/b> MOHAWK <br \/>\n<b>Uso:<\/b> TRAFICO RESIDENCIAL <br \/>\n<b>Tipo:<\/b> 1632 Grs. Alfombra confeccionada con SmartStrand\u00ae Silk\u2122 with Dupont\u2122 otorg\u00e1ndole una suavidad extrema, se limpia s\u00f3lo con agua. No le afectan las manchas de vino o cloro ya que tiene protecci\u00f3n de por vida, sin duda un lujo en alfombras.<\/p>\n","protected":false},"excerpt":{"rendered":"<p>Tama\u00f1o: 15MM\/3.66 C\u00f3digo: 11P3051117 Procedencia: EEUU Marca: MOHAWK Uso: TRAFICO RESIDENCIAL Tipo: 1632 Grs. Alfombra confeccionada con SmartStrand\u00ae Silk\u2122 with Dupont\u2122 otorg\u00e1ndole una suavidad extrema, se limpia s\u00f3lo con agua. No le afectan las manchas de vino o cloro ya que tiene protecci\u00f3n de por vida, sin duda un lujo en alfombras.<\/p>\n","protected":false},"featured_media":13381,"template":"","meta":[],"product_cat":[228,216],"product_tag":[],"class_list":{"0":"post-13380","1":"product","2":"type-product","3":"status-publish","4":"has-post-thumbnail","6":"product_cat-alfombras-muro","7":"product_cat-instalacion-de-alfombras","9":"first","10":"instock","11":"product-type-simple"},"acf":[],"_links":{"self":[{"href":"https:\/\/pisosmanriquez.cl\/index.php\/wp-json\/wp\/v2\/product\/13380","targetHints":{"allow":["GET"]}}],"collection":[{"href":"https:\/\/pisosmanriquez.cl\/index.php\/wp-json\/wp\/v2\/product"}],"about":[{"href":"https:\/\/pisosmanriquez.cl\/index.php\/wp-json\/wp\/v2\/types\/product"}],"wp:featuredmedia":[{"embeddable":true,"href":"https:\/\/pisosmanriquez.cl\/index.php\/wp-json\/wp\/v2\/media\/13381"}],"wp:attachment":[{"href":"https:\/\/pisosmanriquez.cl\/index.php\/wp-json\/wp\/v2\/media?parent=13380"}],"wp:term":[{"taxonomy":"product_cat","embeddable":true,"href":"https:\/\/pisosmanriquez.cl\/index.php\/wp-json\/wp\/v2\/product_cat?post=13380"},{"taxonomy":"product_tag","embeddable":true,"href":"https:\/\/pisosmanriquez.cl\/index.php\/wp-json\/wp\/v2\/product_tag?post=13380"}],"curies":[{"name":"wp","href":"https:\/\/api.w.org\/{rel}","templated":true}]}}