{"id":13438,"date":"2024-06-24T15:53:55","date_gmt":"2024-06-24T18:53:55","guid":{"rendered":"https:\/\/pisosmanriquez.cl\/index.php\/producto\/mate-urbion-ivory\/"},"modified":"2024-06-24T15:55:10","modified_gmt":"2024-06-24T18:55:10","slug":"mate-urbion-ivory","status":"publish","type":"product","link":"https:\/\/pisosmanriquez.cl\/index.php\/producto\/mate-urbion-ivory\/","title":{"rendered":"MATE URBION IVORY"},"content":{"rendered":"<p><b>Tama\u00f1o:<\/b> 45&#215;45 <br \/>\n<b>C\u00f3digo:<\/b> 02P0608589 <br \/>\n<b>Procedencia:<\/b> Espa\u00f1a <br \/>\n<b>Marca:<\/b> Grespania <br \/>\n<b>Uso:<\/b> PORCELANATO PISO\/MURO <br \/>\n<b>Tipo:<\/b> PORCELANATO ESMALTADO MATE <\/p>\n","protected":false},"excerpt":{"rendered":"<p>Tama\u00f1o: 45&#215;45 C\u00f3digo: 02P0608589 Procedencia: Espa\u00f1a Marca: Grespania Uso: PORCELANATO PISO\/MURO Tipo: PORCELANATO ESMALTADO MATE<\/p>\n","protected":false},"featured_media":13439,"template":"","meta":[],"product_cat":[192,229],"product_tag":[],"class_list":{"0":"post-13438","1":"product","2":"type-product","3":"status-publish","4":"has-post-thumbnail","6":"product_cat-instalacion-de-ceramico","7":"product_cat-porcelanato-terrazas","9":"first","10":"instock","11":"product-type-simple"},"acf":[],"_links":{"self":[{"href":"https:\/\/pisosmanriquez.cl\/index.php\/wp-json\/wp\/v2\/product\/13438","targetHints":{"allow":["GET"]}}],"collection":[{"href":"https:\/\/pisosmanriquez.cl\/index.php\/wp-json\/wp\/v2\/product"}],"about":[{"href":"https:\/\/pisosmanriquez.cl\/index.php\/wp-json\/wp\/v2\/types\/product"}],"wp:featuredmedia":[{"embeddable":true,"href":"https:\/\/pisosmanriquez.cl\/index.php\/wp-json\/wp\/v2\/media\/13439"}],"wp:attachment":[{"href":"https:\/\/pisosmanriquez.cl\/index.php\/wp-json\/wp\/v2\/media?parent=13438"}],"wp:term":[{"taxonomy":"product_cat","embeddable":true,"href":"https:\/\/pisosmanriquez.cl\/index.php\/wp-json\/wp\/v2\/product_cat?post=13438"},{"taxonomy":"product_tag","embeddable":true,"href":"https:\/\/pisosmanriquez.cl\/index.php\/wp-json\/wp\/v2\/product_tag?post=13438"}],"curies":[{"name":"wp","href":"https:\/\/api.w.org\/{rel}","templated":true}]}}