{"id":13864,"date":"2024-06-24T16:17:39","date_gmt":"2024-06-24T19:17:39","guid":{"rendered":"https:\/\/pisosmanriquez.cl\/index.php\/producto\/livorno-gris-mate\/"},"modified":"2024-06-24T16:18:11","modified_gmt":"2024-06-24T19:18:11","slug":"livorno-gris-mate","status":"publish","type":"product","link":"https:\/\/pisosmanriquez.cl\/index.php\/producto\/livorno-gris-mate\/","title":{"rendered":"LIVORNO GRIS MATE"},"content":{"rendered":"<p><b>Tama\u00f1o:<\/b> 45X45 <br \/>\n<b>C\u00f3digo:<\/b> 01P0431000 <br \/>\n<b>Procedencia:<\/b> Sudam\u00e9rica <br \/>\n<b>Marca:<\/b> IMEX <br \/>\n<b>Tipo:<\/b> PISO\/MURO <\/p>\n","protected":false},"excerpt":{"rendered":"<p>Tama\u00f1o: 45X45 C\u00f3digo: 01P0431000 Procedencia: Sudam\u00e9rica Marca: IMEX Tipo: PISO\/MURO<\/p>\n","protected":false},"featured_media":13865,"template":"","meta":[],"product_cat":[194,192],"product_tag":[],"class_list":{"0":"post-13864","1":"product","2":"type-product","3":"status-publish","4":"has-post-thumbnail","6":"product_cat-ceramica-de-piso","7":"product_cat-instalacion-de-ceramico","9":"first","10":"instock","11":"product-type-simple"},"acf":[],"_links":{"self":[{"href":"https:\/\/pisosmanriquez.cl\/index.php\/wp-json\/wp\/v2\/product\/13864","targetHints":{"allow":["GET"]}}],"collection":[{"href":"https:\/\/pisosmanriquez.cl\/index.php\/wp-json\/wp\/v2\/product"}],"about":[{"href":"https:\/\/pisosmanriquez.cl\/index.php\/wp-json\/wp\/v2\/types\/product"}],"wp:featuredmedia":[{"embeddable":true,"href":"https:\/\/pisosmanriquez.cl\/index.php\/wp-json\/wp\/v2\/media\/13865"}],"wp:attachment":[{"href":"https:\/\/pisosmanriquez.cl\/index.php\/wp-json\/wp\/v2\/media?parent=13864"}],"wp:term":[{"taxonomy":"product_cat","embeddable":true,"href":"https:\/\/pisosmanriquez.cl\/index.php\/wp-json\/wp\/v2\/product_cat?post=13864"},{"taxonomy":"product_tag","embeddable":true,"href":"https:\/\/pisosmanriquez.cl\/index.php\/wp-json\/wp\/v2\/product_tag?post=13864"}],"curies":[{"name":"wp","href":"https:\/\/api.w.org\/{rel}","templated":true}]}}