{"id":13890,"date":"2024-06-24T16:17:39","date_gmt":"2024-06-24T19:17:39","guid":{"rendered":"https:\/\/pisosmanriquez.cl\/index.php\/producto\/mate-fresh-white\/"},"modified":"2024-06-24T16:19:29","modified_gmt":"2024-06-24T19:19:29","slug":"mate-fresh-white","status":"publish","type":"product","link":"https:\/\/pisosmanriquez.cl\/index.php\/producto\/mate-fresh-white\/","title":{"rendered":"MATE FRESH WHITE"},"content":{"rendered":"<p><b>Tama\u00f1o:<\/b> 31.6&#215;31.6 <br \/>\n<b>C\u00f3digo:<\/b> 01P0613584 <br \/>\n<b>Procedencia:<\/b> Espa\u00f1a <br \/>\n<b>Marca:<\/b> NAVARTI <br \/>\n<b>Uso:<\/b> CERAMICA DE PISO <\/p>\n","protected":false},"excerpt":{"rendered":"<p>Tama\u00f1o: 31.6&#215;31.6 C\u00f3digo: 01P0613584 Procedencia: Espa\u00f1a Marca: NAVARTI Uso: CERAMICA DE PISO<\/p>\n","protected":false},"featured_media":13891,"template":"","meta":[],"product_cat":[194,192],"product_tag":[],"class_list":{"0":"post-13890","1":"product","2":"type-product","3":"status-publish","4":"has-post-thumbnail","6":"product_cat-ceramica-de-piso","7":"product_cat-instalacion-de-ceramico","9":"first","10":"instock","11":"product-type-simple"},"acf":[],"_links":{"self":[{"href":"https:\/\/pisosmanriquez.cl\/index.php\/wp-json\/wp\/v2\/product\/13890","targetHints":{"allow":["GET"]}}],"collection":[{"href":"https:\/\/pisosmanriquez.cl\/index.php\/wp-json\/wp\/v2\/product"}],"about":[{"href":"https:\/\/pisosmanriquez.cl\/index.php\/wp-json\/wp\/v2\/types\/product"}],"wp:featuredmedia":[{"embeddable":true,"href":"https:\/\/pisosmanriquez.cl\/index.php\/wp-json\/wp\/v2\/media\/13891"}],"wp:attachment":[{"href":"https:\/\/pisosmanriquez.cl\/index.php\/wp-json\/wp\/v2\/media?parent=13890"}],"wp:term":[{"taxonomy":"product_cat","embeddable":true,"href":"https:\/\/pisosmanriquez.cl\/index.php\/wp-json\/wp\/v2\/product_cat?post=13890"},{"taxonomy":"product_tag","embeddable":true,"href":"https:\/\/pisosmanriquez.cl\/index.php\/wp-json\/wp\/v2\/product_tag?post=13890"}],"curies":[{"name":"wp","href":"https:\/\/api.w.org\/{rel}","templated":true}]}}