{"id":13940,"date":"2024-06-24T16:21:49","date_gmt":"2024-06-24T19:21:49","guid":{"rendered":"https:\/\/pisosmanriquez.cl\/index.php\/producto\/brick-black\/"},"modified":"2024-06-24T16:22:10","modified_gmt":"2024-06-24T19:22:10","slug":"brick-black","status":"publish","type":"product","link":"https:\/\/pisosmanriquez.cl\/index.php\/producto\/brick-black\/","title":{"rendered":"BRICK BLACK"},"content":{"rendered":"<p><b>Tama\u00f1o:<\/b> 10X30 <br \/>\n<b>C\u00f3digo:<\/b> 01P0613533 <br \/>\n<b>Procedencia:<\/b> ITALIA <br \/>\n<b>Marca:<\/b> MARAZZI <br \/>\n<b>Uso:<\/b> CERAMICA MURO<br \/>\n<b>Tipo:<\/b> CER\u00c1MICA DE MURO BRILLO <\/p>\n","protected":false},"excerpt":{"rendered":"<p>Tama\u00f1o: 10X30 C\u00f3digo: 01P0613533 Procedencia: ITALIA Marca: MARAZZI Uso: CERAMICA MURO Tipo: CER\u00c1MICA DE MURO BRILLO<\/p>\n","protected":false},"featured_media":13941,"template":"","meta":[],"product_cat":[196,192],"product_tag":[],"class_list":{"0":"post-13940","1":"product","2":"type-product","3":"status-publish","4":"has-post-thumbnail","6":"product_cat-ceramica-de-muro","7":"product_cat-instalacion-de-ceramico","9":"first","10":"instock","11":"product-type-simple"},"acf":[],"_links":{"self":[{"href":"https:\/\/pisosmanriquez.cl\/index.php\/wp-json\/wp\/v2\/product\/13940","targetHints":{"allow":["GET"]}}],"collection":[{"href":"https:\/\/pisosmanriquez.cl\/index.php\/wp-json\/wp\/v2\/product"}],"about":[{"href":"https:\/\/pisosmanriquez.cl\/index.php\/wp-json\/wp\/v2\/types\/product"}],"wp:featuredmedia":[{"embeddable":true,"href":"https:\/\/pisosmanriquez.cl\/index.php\/wp-json\/wp\/v2\/media\/13941"}],"wp:attachment":[{"href":"https:\/\/pisosmanriquez.cl\/index.php\/wp-json\/wp\/v2\/media?parent=13940"}],"wp:term":[{"taxonomy":"product_cat","embeddable":true,"href":"https:\/\/pisosmanriquez.cl\/index.php\/wp-json\/wp\/v2\/product_cat?post=13940"},{"taxonomy":"product_tag","embeddable":true,"href":"https:\/\/pisosmanriquez.cl\/index.php\/wp-json\/wp\/v2\/product_tag?post=13940"}],"curies":[{"name":"wp","href":"https:\/\/api.w.org\/{rel}","templated":true}]}}