{"id":13970,"date":"2024-06-24T16:21:49","date_gmt":"2024-06-24T19:21:49","guid":{"rendered":"https:\/\/pisosmanriquez.cl\/index.php\/producto\/mate-tundra-sand\/"},"modified":"2024-06-24T16:23:48","modified_gmt":"2024-06-24T19:23:48","slug":"mate-tundra-sand","status":"publish","type":"product","link":"https:\/\/pisosmanriquez.cl\/index.php\/producto\/mate-tundra-sand\/","title":{"rendered":"MATE TUNDRA SAND"},"content":{"rendered":"<p><b>Tama\u00f1o:<\/b> 25&#215;50 <br \/>\n<b>C\u00f3digo:<\/b> 01P0613610<br \/>\n<b>Procedencia:<\/b> Espa\u00f1a<br \/>\n<b>Marca:<\/b> ARGENTA<br \/>\n<b>Uso:<\/b> CERAMICA DE MURO<\/p>\n","protected":false},"excerpt":{"rendered":"<p>Tama\u00f1o: 25&#215;50 C\u00f3digo: 01P0613610 Procedencia: Espa\u00f1a Marca: ARGENTA Uso: CERAMICA DE MURO<\/p>\n","protected":false},"featured_media":13971,"template":"","meta":[],"product_cat":[196,192],"product_tag":[],"class_list":{"0":"post-13970","1":"product","2":"type-product","3":"status-publish","4":"has-post-thumbnail","6":"product_cat-ceramica-de-muro","7":"product_cat-instalacion-de-ceramico","9":"first","10":"instock","11":"product-type-simple"},"acf":[],"_links":{"self":[{"href":"https:\/\/pisosmanriquez.cl\/index.php\/wp-json\/wp\/v2\/product\/13970","targetHints":{"allow":["GET"]}}],"collection":[{"href":"https:\/\/pisosmanriquez.cl\/index.php\/wp-json\/wp\/v2\/product"}],"about":[{"href":"https:\/\/pisosmanriquez.cl\/index.php\/wp-json\/wp\/v2\/types\/product"}],"wp:featuredmedia":[{"embeddable":true,"href":"https:\/\/pisosmanriquez.cl\/index.php\/wp-json\/wp\/v2\/media\/13971"}],"wp:attachment":[{"href":"https:\/\/pisosmanriquez.cl\/index.php\/wp-json\/wp\/v2\/media?parent=13970"}],"wp:term":[{"taxonomy":"product_cat","embeddable":true,"href":"https:\/\/pisosmanriquez.cl\/index.php\/wp-json\/wp\/v2\/product_cat?post=13970"},{"taxonomy":"product_tag","embeddable":true,"href":"https:\/\/pisosmanriquez.cl\/index.php\/wp-json\/wp\/v2\/product_tag?post=13970"}],"curies":[{"name":"wp","href":"https:\/\/api.w.org\/{rel}","templated":true}]}}