{"id":13996,"date":"2024-06-24T16:23:59","date_gmt":"2024-06-24T19:23:59","guid":{"rendered":"https:\/\/pisosmanriquez.cl\/index.php\/producto\/track-art-blanco\/"},"modified":"2024-06-24T16:25:15","modified_gmt":"2024-06-24T19:25:15","slug":"track-art-blanco","status":"publish","type":"product","link":"https:\/\/pisosmanriquez.cl\/index.php\/producto\/track-art-blanco\/","title":{"rendered":"TRACK ART BLANCO"},"content":{"rendered":"<p><b>Tama\u00f1o:<\/b> 30&#215;90 <br \/>\n<b>C\u00f3digo:<\/b> 01P0613606 <br \/>\n<b>Procedencia:<\/b> Espa\u00f1a <br \/>\n<b>Marca:<\/b> Keraben <br \/>\n<b>Uso:<\/b> CERAMICA DE MURO <\/p>\n","protected":false},"excerpt":{"rendered":"<p>Tama\u00f1o: 30&#215;90 C\u00f3digo: 01P0613606 Procedencia: Espa\u00f1a Marca: Keraben Uso: CERAMICA DE MURO<\/p>\n","protected":false},"featured_media":13997,"template":"","meta":[],"product_cat":[196,192],"product_tag":[],"class_list":{"0":"post-13996","1":"product","2":"type-product","3":"status-publish","4":"has-post-thumbnail","6":"product_cat-ceramica-de-muro","7":"product_cat-instalacion-de-ceramico","9":"first","10":"instock","11":"product-type-simple"},"acf":[],"_links":{"self":[{"href":"https:\/\/pisosmanriquez.cl\/index.php\/wp-json\/wp\/v2\/product\/13996","targetHints":{"allow":["GET"]}}],"collection":[{"href":"https:\/\/pisosmanriquez.cl\/index.php\/wp-json\/wp\/v2\/product"}],"about":[{"href":"https:\/\/pisosmanriquez.cl\/index.php\/wp-json\/wp\/v2\/types\/product"}],"wp:featuredmedia":[{"embeddable":true,"href":"https:\/\/pisosmanriquez.cl\/index.php\/wp-json\/wp\/v2\/media\/13997"}],"wp:attachment":[{"href":"https:\/\/pisosmanriquez.cl\/index.php\/wp-json\/wp\/v2\/media?parent=13996"}],"wp:term":[{"taxonomy":"product_cat","embeddable":true,"href":"https:\/\/pisosmanriquez.cl\/index.php\/wp-json\/wp\/v2\/product_cat?post=13996"},{"taxonomy":"product_tag","embeddable":true,"href":"https:\/\/pisosmanriquez.cl\/index.php\/wp-json\/wp\/v2\/product_tag?post=13996"}],"curies":[{"name":"wp","href":"https:\/\/api.w.org\/{rel}","templated":true}]}}