{"id":14018,"date":"2024-06-24T16:26:09","date_gmt":"2024-06-24T19:26:09","guid":{"rendered":"https:\/\/pisosmanriquez.cl\/index.php\/producto\/cortinas-roller-3\/"},"modified":"2024-06-24T16:26:25","modified_gmt":"2024-06-24T19:26:25","slug":"cortinas-roller-3","status":"publish","type":"product","link":"https:\/\/pisosmanriquez.cl\/index.php\/producto\/cortinas-roller-3\/","title":{"rendered":"Cortinas Roller"},"content":{"rendered":"<p>Las cortinas Roller son un producto que cautivar\u00e1 a los consumidores m\u00e1s exigentes, funcionales y decorativas, poseen un dise\u00f1o revolucionario y est\u00e1n disponibles en una amplia variedad de telas con diferentes niveles de opacidad, texturas y colores que ofrecen diferentes niveles de transparencia y privacidad.<\/p>\n<p>Al ser cortinas enrollables, ocupan un m\u00ednimo espacio en la ventana y sus mecanismos son compatibles con cada necesidad de estilo y funcionalidad; posee \u2013adem\u00e1s- encajes desde el sistema de control al soporte de instalaci\u00f3n, que otorgan seguridad en la instalaci\u00f3n.<\/p>\n","protected":false},"excerpt":{"rendered":"<p>Las cortinas Roller son un producto que cautivar\u00e1 a los consumidores m\u00e1s exigentes, funcionales y decorativas, poseen un dise\u00f1o revolucionario y est\u00e1n disponibles en una amplia variedad de telas con diferentes niveles de opacidad, texturas y colores que ofrecen diferentes niveles de transparencia y privacidad. Al ser cortinas enrollables, ocupan un m\u00ednimo espacio en la&#8230;<\/p>\n","protected":false},"featured_media":14019,"template":"","meta":[],"product_cat":[198],"product_tag":[],"class_list":{"0":"post-14018","1":"product","2":"type-product","3":"status-publish","4":"has-post-thumbnail","6":"product_cat-cortinas-roller","8":"first","9":"instock","10":"product-type-simple"},"acf":[],"_links":{"self":[{"href":"https:\/\/pisosmanriquez.cl\/index.php\/wp-json\/wp\/v2\/product\/14018","targetHints":{"allow":["GET"]}}],"collection":[{"href":"https:\/\/pisosmanriquez.cl\/index.php\/wp-json\/wp\/v2\/product"}],"about":[{"href":"https:\/\/pisosmanriquez.cl\/index.php\/wp-json\/wp\/v2\/types\/product"}],"wp:featuredmedia":[{"embeddable":true,"href":"https:\/\/pisosmanriquez.cl\/index.php\/wp-json\/wp\/v2\/media\/14019"}],"wp:attachment":[{"href":"https:\/\/pisosmanriquez.cl\/index.php\/wp-json\/wp\/v2\/media?parent=14018"}],"wp:term":[{"taxonomy":"product_cat","embeddable":true,"href":"https:\/\/pisosmanriquez.cl\/index.php\/wp-json\/wp\/v2\/product_cat?post=14018"},{"taxonomy":"product_tag","embeddable":true,"href":"https:\/\/pisosmanriquez.cl\/index.php\/wp-json\/wp\/v2\/product_tag?post=14018"}],"curies":[{"name":"wp","href":"https:\/\/api.w.org\/{rel}","templated":true}]}}