{"id":14026,"date":"2024-06-24T16:26:09","date_gmt":"2024-06-24T19:26:09","guid":{"rendered":"https:\/\/pisosmanriquez.cl\/index.php\/producto\/pisos-vinilicos-v1007-ah\/"},"modified":"2024-06-24T16:26:54","modified_gmt":"2024-06-24T19:26:54","slug":"pisos-vinilicos-v1007-ah","status":"publish","type":"product","link":"https:\/\/pisosmanriquez.cl\/index.php\/producto\/pisos-vinilicos-v1007-ah\/","title":{"rendered":"Pisos Vin\u00edlicos V1007 AH"},"content":{"rendered":"<h3 class=\"product_title entry-title\">Venta Pisos Vin\u00edlicos V1007 AH\u00a0<\/h3>\n<div>\n<p style=\"text-align: justify;\">Una idea excelente nunca pierde actualidad. Es resistente y demuestra persistencia como los Pisos Vin\u00edlicos Solid. Resisten todos los esfuerzos. Son s\u00f3lidos, f\u00e1ciles de cuidar y especialmente duraderos. Est\u00e1n dise\u00f1ados para zonas con un uso muy exigente, otorgan a las estancias una ac\u00fastica extraordinaria y convencen por su capacidad de resistencia. Aspecto de madera atemporal con las ventajas de un Piso Vin\u00edlico. Estos son los suelos que satisfacen las m\u00e1ximas exigencias.<\/p>\n<\/div>\n","protected":false},"excerpt":{"rendered":"<p>Venta Pisos Vin\u00edlicos V1007 AH\u00a0 Una idea excelente nunca pierde actualidad. Es resistente y demuestra persistencia como los Pisos Vin\u00edlicos Solid. Resisten todos los esfuerzos. Son s\u00f3lidos, f\u00e1ciles de cuidar y especialmente duraderos. Est\u00e1n dise\u00f1ados para zonas con un uso muy exigente, otorgan a las estancias una ac\u00fastica extraordinaria y convencen por su capacidad de&#8230;<\/p>\n","protected":false},"featured_media":14027,"template":"","meta":[],"product_cat":[206],"product_tag":[],"class_list":{"0":"post-14026","1":"product","2":"type-product","3":"status-publish","4":"has-post-thumbnail","6":"product_cat-venta-e-instalacion-de-pisos-vinilicos","8":"first","9":"instock","10":"product-type-simple"},"acf":[],"_links":{"self":[{"href":"https:\/\/pisosmanriquez.cl\/index.php\/wp-json\/wp\/v2\/product\/14026","targetHints":{"allow":["GET"]}}],"collection":[{"href":"https:\/\/pisosmanriquez.cl\/index.php\/wp-json\/wp\/v2\/product"}],"about":[{"href":"https:\/\/pisosmanriquez.cl\/index.php\/wp-json\/wp\/v2\/types\/product"}],"wp:featuredmedia":[{"embeddable":true,"href":"https:\/\/pisosmanriquez.cl\/index.php\/wp-json\/wp\/v2\/media\/14027"}],"wp:attachment":[{"href":"https:\/\/pisosmanriquez.cl\/index.php\/wp-json\/wp\/v2\/media?parent=14026"}],"wp:term":[{"taxonomy":"product_cat","embeddable":true,"href":"https:\/\/pisosmanriquez.cl\/index.php\/wp-json\/wp\/v2\/product_cat?post=14026"},{"taxonomy":"product_tag","embeddable":true,"href":"https:\/\/pisosmanriquez.cl\/index.php\/wp-json\/wp\/v2\/product_tag?post=14026"}],"curies":[{"name":"wp","href":"https:\/\/api.w.org\/{rel}","templated":true}]}}