{"id":14032,"date":"2024-06-24T16:26:09","date_gmt":"2024-06-24T19:26:09","guid":{"rendered":"https:\/\/pisosmanriquez.cl\/index.php\/producto\/pisos-vinilicos-merbau\/"},"modified":"2024-06-24T16:27:17","modified_gmt":"2024-06-24T19:27:17","slug":"pisos-vinilicos-merbau","status":"publish","type":"product","link":"https:\/\/pisosmanriquez.cl\/index.php\/producto\/pisos-vinilicos-merbau\/","title":{"rendered":"Pisos Vin\u00edlicos MERBAU"},"content":{"rendered":"<h3 class=\"product_title entry-title\">Venta Pisos Vin\u00edlicos MERBAU<\/h3>\n<div id=\"single-meta\" data-sharing=\"1\">\u00a0<\/div>\n<div>\n<p><a href=\"http:\/\/www.karndean.com\/es-mx\/pisos-residencial\"><img loading=\"lazy\" decoding=\"async\" class=\"size-full wp-image-6008 alignnone\" src=\"http:\/\/www.carpenter.cl\/wp-content\/uploads\/2015\/11\/logo_karndean.png\" alt=\"logo_karndean\" width=\"161\" height=\"43\" \/><\/a><\/p>\n<p style=\"text-align: justify;\">Karndean LooseLay es un nuevo e innovador formato de Pisos Vin\u00edlicos que es r\u00e1pido y f\u00e1cil de instalar. Se suministra en grandes tablones de madera de 1.05 mts de largo y con capa de uso (wear layer) de 0.5 mm. Con propiedades ac\u00fasticas mejoradas y excelentes credenciales medioambientales, Karndean LooseLay ha sido probado en varios mercados en todo el mundo, demostrando ser el sistema ideal para pisos.<\/p>\n<p style=\"text-align: justify;\">Karndean LooseLay es m\u00e1s r\u00e1pido y f\u00e1cil de instalar, adecuado para suelos t\u00e9cnicos, f\u00e1cil y econ\u00f3mico de reparar, es posible instalar sobre la mayor\u00eda de suelos duros existentes, no requiere adhesivos, no requiere ensamble de tablas y es 100% reciclable.<\/p>\n<p style=\"text-align: justify;\">\u00a0<\/p>\n<\/div>\n","protected":false},"excerpt":{"rendered":"<p>Venta Pisos Vin\u00edlicos MERBAU \u00a0 Karndean LooseLay es un nuevo e innovador formato de Pisos Vin\u00edlicos que es r\u00e1pido y f\u00e1cil de instalar. Se suministra en grandes tablones de madera de 1.05 mts de largo y con capa de uso (wear layer) de 0.5 mm. Con propiedades ac\u00fasticas mejoradas y excelentes credenciales medioambientales, Karndean LooseLay&#8230;<\/p>\n","protected":false},"featured_media":14033,"template":"","meta":[],"product_cat":[206],"product_tag":[],"class_list":{"0":"post-14032","1":"product","2":"type-product","3":"status-publish","4":"has-post-thumbnail","6":"product_cat-venta-e-instalacion-de-pisos-vinilicos","8":"first","9":"instock","10":"product-type-simple"},"acf":[],"_links":{"self":[{"href":"https:\/\/pisosmanriquez.cl\/index.php\/wp-json\/wp\/v2\/product\/14032","targetHints":{"allow":["GET"]}}],"collection":[{"href":"https:\/\/pisosmanriquez.cl\/index.php\/wp-json\/wp\/v2\/product"}],"about":[{"href":"https:\/\/pisosmanriquez.cl\/index.php\/wp-json\/wp\/v2\/types\/product"}],"wp:featuredmedia":[{"embeddable":true,"href":"https:\/\/pisosmanriquez.cl\/index.php\/wp-json\/wp\/v2\/media\/14033"}],"wp:attachment":[{"href":"https:\/\/pisosmanriquez.cl\/index.php\/wp-json\/wp\/v2\/media?parent=14032"}],"wp:term":[{"taxonomy":"product_cat","embeddable":true,"href":"https:\/\/pisosmanriquez.cl\/index.php\/wp-json\/wp\/v2\/product_cat?post=14032"},{"taxonomy":"product_tag","embeddable":true,"href":"https:\/\/pisosmanriquez.cl\/index.php\/wp-json\/wp\/v2\/product_tag?post=14032"}],"curies":[{"name":"wp","href":"https:\/\/api.w.org\/{rel}","templated":true}]}}