{"id":14040,"date":"2024-06-24T16:26:09","date_gmt":"2024-06-24T19:26:09","guid":{"rendered":"https:\/\/pisosmanriquez.cl\/index.php\/producto\/pisos-vinilicos-nik-8011\/"},"modified":"2024-06-24T16:27:44","modified_gmt":"2024-06-24T19:27:44","slug":"pisos-vinilicos-nik-8011","status":"publish","type":"product","link":"https:\/\/pisosmanriquez.cl\/index.php\/producto\/pisos-vinilicos-nik-8011\/","title":{"rendered":"Pisos Vin\u00edlicos NIK 8011"},"content":{"rendered":"<h3 class=\"product_title entry-title\">Venta Pisos Vin\u00edlicos NIK 8011<\/h3>\n<div style=\"text-align: justify;\">Los Pisos Vin\u00edlicos en Palmetas con Sistema Click representan una innovaci\u00f3n en el mercado de los Pisos. Su sistema click entrega los beneficios de una instalaci\u00f3n simple, limpia y r\u00e1pida, sin la necesidad de adhesivos. Adem\u00e1s su capa de Fibra de Vidrio permite una mejor estabilidad y ayuda a controlar la dilataci\u00f3n y contracci\u00f3n que se produce con los cambios de temperatura. Tambi\u00e9n es la soluci\u00f3n perfecta para aquellas personas que buscan pisos con resistencia al agua y a la humedad.<\/div>\n<div style=\"text-align: justify;\">Nuestros pisos est\u00e1n fabricados de PVC virgen a diferencia de otros que est\u00e1n fabricados con PVC reciclado.<\/div>\n<div style=\"text-align: justify;\">\u00a0<\/div>\n<ul style=\"list-style-type: circle;\">\n<li style=\"text-align: justify;\"><strong>Caracter\u00edsticas:<\/strong>\n<div id=\"tab-ventajas\" class=\"wpb_tab ui-tabs-panel wpb_ui-tabs-hide clearfix\">Resistente al agua.<\/div>\n<div class=\"wpb_tab ui-tabs-panel wpb_ui-tabs-hide clearfix\">Antideslizante.<\/div>\n<div class=\"wpb_tab ui-tabs-panel wpb_ui-tabs-hide clearfix\">Alto Trafico Comercial.<\/div>\n<div class=\"wpb_tab ui-tabs-panel wpb_ui-tabs-hide clearfix\">Resistente a la abrasi\u00f3n y al impacto.<\/div>\n<div class=\"wpb_tab ui-tabs-panel wpb_ui-tabs-hide clearfix\">Capa de Fibra de Vidrio (Mayor Estabilidad).<\/div>\n<div class=\"wpb_tab ui-tabs-panel wpb_ui-tabs-hide clearfix\">Resistente al fuego.<\/div>\n<div class=\"wpb_tab ui-tabs-panel wpb_ui-tabs-hide clearfix\">F\u00e1cil de reparar.<\/div>\n<div class=\"wpb_tab ui-tabs-panel wpb_ui-tabs-hide clearfix\">Solo se reemplaza una palmeta, no todo el piso.<\/div>\n<div class=\"wpb_tab ui-tabs-panel wpb_ui-tabs-hide clearfix\">Aislaci\u00f3n ac\u00fastica superior.<\/div>\n<div class=\"wpb_tab ui-tabs-panel wpb_ui-tabs-hide clearfix\">F\u00e1cil mantenci\u00f3n y limpieza.<\/div>\n<div class=\"wpb_tab ui-tabs-panel wpb_ui-tabs-hide clearfix\">Fabricado con PVC Virgen (Mayor Calidad).<\/div>\n<\/li>\n<\/ul>\n","protected":false},"excerpt":{"rendered":"<p>Venta Pisos Vin\u00edlicos NIK 8011 Los Pisos Vin\u00edlicos en Palmetas con Sistema Click representan una innovaci\u00f3n en el mercado de los Pisos. Su sistema click entrega los beneficios de una instalaci\u00f3n simple, limpia y r\u00e1pida, sin la necesidad de adhesivos. Adem\u00e1s su capa de Fibra de Vidrio permite una mejor estabilidad y ayuda a controlar&#8230;<\/p>\n","protected":false},"featured_media":14041,"template":"","meta":[],"product_cat":[206],"product_tag":[],"class_list":{"0":"post-14040","1":"product","2":"type-product","3":"status-publish","4":"has-post-thumbnail","6":"product_cat-venta-e-instalacion-de-pisos-vinilicos","8":"first","9":"instock","10":"product-type-simple"},"acf":[],"_links":{"self":[{"href":"https:\/\/pisosmanriquez.cl\/index.php\/wp-json\/wp\/v2\/product\/14040","targetHints":{"allow":["GET"]}}],"collection":[{"href":"https:\/\/pisosmanriquez.cl\/index.php\/wp-json\/wp\/v2\/product"}],"about":[{"href":"https:\/\/pisosmanriquez.cl\/index.php\/wp-json\/wp\/v2\/types\/product"}],"wp:featuredmedia":[{"embeddable":true,"href":"https:\/\/pisosmanriquez.cl\/index.php\/wp-json\/wp\/v2\/media\/14041"}],"wp:attachment":[{"href":"https:\/\/pisosmanriquez.cl\/index.php\/wp-json\/wp\/v2\/media?parent=14040"}],"wp:term":[{"taxonomy":"product_cat","embeddable":true,"href":"https:\/\/pisosmanriquez.cl\/index.php\/wp-json\/wp\/v2\/product_cat?post=14040"},{"taxonomy":"product_tag","embeddable":true,"href":"https:\/\/pisosmanriquez.cl\/index.php\/wp-json\/wp\/v2\/product_tag?post=14040"}],"curies":[{"name":"wp","href":"https:\/\/api.w.org\/{rel}","templated":true}]}}