{"id":14056,"date":"2024-06-24T16:26:09","date_gmt":"2024-06-24T19:26:09","guid":{"rendered":"https:\/\/pisosmanriquez.cl\/index.php\/producto\/pisos-vinilicos-nik-9014\/"},"modified":"2024-06-24T16:28:27","modified_gmt":"2024-06-24T19:28:27","slug":"pisos-vinilicos-nik-9014","status":"publish","type":"product","link":"https:\/\/pisosmanriquez.cl\/index.php\/producto\/pisos-vinilicos-nik-9014\/","title":{"rendered":"Pisos Vin\u00edlicos NIK 9014"},"content":{"rendered":"<h3 class=\"product_title entry-title\">Venta Pisos Vin\u00edlicos NIK 9014<\/h3>\n<div style=\"text-align: justify;\">Los Pisos Vin\u00edlicos en Palmetas con Sistema Click representan una innovaci\u00f3n en el mercado de los Pisos. Su sistema click entrega los beneficios de una instalaci\u00f3n simple, limpia y r\u00e1pida, sin la necesidad de adhesivos.<\/div>\n<div style=\"text-align: justify;\">Adem\u00e1s su capa de Fibra de Vidrio permite una mejor estabilidad y ayuda a controlar la dilataci\u00f3n y contracci\u00f3n que se produce con los cambios de temperatura. Tambi\u00e9n es la soluci\u00f3n perfecta para aquellas personas que buscan pisos con resistencia al agua y a la humedad.<\/div>\n<div style=\"text-align: justify;\">Nuestros pisos est\u00e1n fabricados de PVC virgen a diferencia de otros que est\u00e1n fabricados con PVC reciclado.<\/div>\n<div style=\"text-align: justify;\">\u00a0<\/div>\n<div style=\"text-align: justify;\"><strong>Ventajas<\/strong><\/div>\n<ul style=\"list-style-type: circle;\">\n<li style=\"text-align: justify;\">Resistente al agua.<\/li>\n<li style=\"text-align: justify;\">Antideslizante.<\/li>\n<li style=\"text-align: justify;\">Alto Trafico Comercial.<\/li>\n<li style=\"text-align: justify;\">Resistente a la abrasi\u00f3n y al impacto.<\/li>\n<li style=\"text-align: justify;\">Capa de Fibra de Vidrio (Mayor Estabilidad).<\/li>\n<li style=\"text-align: justify;\">Resistente al fuego.<\/li>\n<li style=\"text-align: justify;\">F\u00e1cil de reparar.<\/li>\n<li style=\"text-align: justify;\">Solo se reemplaza una palmeta, no todo el piso.<\/li>\n<li style=\"text-align: justify;\">Aislaci\u00f3n ac\u00fastica superior.<\/li>\n<li style=\"text-align: justify;\">F\u00e1cil mantenci\u00f3n y limpieza.<\/li>\n<li style=\"text-align: justify;\">Fabricado con PVC Virgen (Mayor Calidad).<\/li>\n<\/ul>\n<div>\u00a0<\/div>\n","protected":false},"excerpt":{"rendered":"<p>Venta Pisos Vin\u00edlicos NIK 9014 Los Pisos Vin\u00edlicos en Palmetas con Sistema Click representan una innovaci\u00f3n en el mercado de los Pisos. Su sistema click entrega los beneficios de una instalaci\u00f3n simple, limpia y r\u00e1pida, sin la necesidad de adhesivos. Adem\u00e1s su capa de Fibra de Vidrio permite una mejor estabilidad y ayuda a controlar&#8230;<\/p>\n","protected":false},"featured_media":14057,"template":"","meta":[],"product_cat":[206],"product_tag":[],"class_list":{"0":"post-14056","1":"product","2":"type-product","3":"status-publish","4":"has-post-thumbnail","6":"product_cat-venta-e-instalacion-de-pisos-vinilicos","8":"first","9":"instock","10":"product-type-simple"},"acf":[],"_links":{"self":[{"href":"https:\/\/pisosmanriquez.cl\/index.php\/wp-json\/wp\/v2\/product\/14056","targetHints":{"allow":["GET"]}}],"collection":[{"href":"https:\/\/pisosmanriquez.cl\/index.php\/wp-json\/wp\/v2\/product"}],"about":[{"href":"https:\/\/pisosmanriquez.cl\/index.php\/wp-json\/wp\/v2\/types\/product"}],"wp:featuredmedia":[{"embeddable":true,"href":"https:\/\/pisosmanriquez.cl\/index.php\/wp-json\/wp\/v2\/media\/14057"}],"wp:attachment":[{"href":"https:\/\/pisosmanriquez.cl\/index.php\/wp-json\/wp\/v2\/media?parent=14056"}],"wp:term":[{"taxonomy":"product_cat","embeddable":true,"href":"https:\/\/pisosmanriquez.cl\/index.php\/wp-json\/wp\/v2\/product_cat?post=14056"},{"taxonomy":"product_tag","embeddable":true,"href":"https:\/\/pisosmanriquez.cl\/index.php\/wp-json\/wp\/v2\/product_tag?post=14056"}],"curies":[{"name":"wp","href":"https:\/\/api.w.org\/{rel}","templated":true}]}}