{"id":14071,"date":"2024-06-24T16:29:08","date_gmt":"2024-06-24T19:29:08","guid":{"rendered":"https:\/\/pisosmanriquez.cl\/index.php\/producto\/pisos-vinilicos-nik-18013\/"},"modified":"2024-06-24T16:29:09","modified_gmt":"2024-06-24T19:29:09","slug":"pisos-vinilicos-nik-18013","status":"publish","type":"product","link":"https:\/\/pisosmanriquez.cl\/index.php\/producto\/pisos-vinilicos-nik-18013\/","title":{"rendered":"Pisos Vin\u00edlicos NIK 18013"},"content":{"rendered":"<h1 class=\"product_title entry-title\" style=\"text-align: justify;\"><span style=\"font-size: 12pt;\">Venta Pisos Vin\u00edlicos NIK 18013<\/span><\/h1>\n<div id=\"single-meta\" style=\"text-align: justify;\" data-sharing=\"1\">\n<div class=\"nectar-social woo in-sight\">\u00a0<\/div>\n<\/div>\n<div style=\"text-align: justify;\"><strong>Pisos Vin\u00edlicos con estructura de WPC (Wood Plastic Composite).<\/strong><\/div>\n<div>\n<p style=\"text-align: justify;\">El WPC es un material que mezcla fibras de madera con pol\u00edmeros (pl\u00e1sticos reciclados), lo que genera una estructura m\u00e1s r\u00edgida que un PVC normal. Por lo que, con respecto al PVC, no transmite las imperfecciones de la base, no se ablanda con el calor, es mucho m\u00e1s estable, duro y resistente.<\/p>\n<p style=\"text-align: justify;\">Los Pisos Vin\u00edlicos de WPC representan la \u00faltima tendencia en Pisos ya que aporta las mejores virtudes de los Pisos Vin\u00edlicos y Laminados. La estructura de WPC entrega mayor resistencia al impacto, mayor durabilidad, estabilidad dimensional y resistencia al agua.<\/p>\n<p style=\"text-align: justify;\">Caracter\u00edsticas:<\/p>\n<div id=\"tab-caracteristicas\" class=\"wpb_tab ui-tabs-panel wpb_ui-tabs-hide clearfix\">\n<ul style=\"list-style-type: circle;\">\n<li><strong>Ventajas<\/strong><br \/>Estructura m\u00e1s resistente y durable.<br \/>M\u00e1s liviano que el Piso Vin\u00edlico convencional (LVT).<br \/>Mayor reducci\u00f3n de ruido que un Laminado.<br \/>Sistema de Instalaci\u00f3n Click (Flotante).<br \/>100% Resistente al Agua. Muy recomendable para zonas h\u00famedas.<br \/>100% Reciclable.<br \/>6 mm de espesor.<br \/>Capa de Uso de 0,5 mm.<br \/>Clase de Uso 41.<\/li>\n<\/ul>\n<\/div>\n<\/div>\n","protected":false},"excerpt":{"rendered":"<p>Venta Pisos Vin\u00edlicos NIK 18013 \u00a0 Pisos Vin\u00edlicos con estructura de WPC (Wood Plastic Composite). El WPC es un material que mezcla fibras de madera con pol\u00edmeros (pl\u00e1sticos reciclados), lo que genera una estructura m\u00e1s r\u00edgida que un PVC normal. Por lo que, con respecto al PVC, no transmite las imperfecciones de la base, no&#8230;<\/p>\n","protected":false},"featured_media":14072,"template":"","meta":[],"product_cat":[206],"product_tag":[],"class_list":{"0":"post-14071","1":"product","2":"type-product","3":"status-publish","4":"has-post-thumbnail","6":"product_cat-venta-e-instalacion-de-pisos-vinilicos","8":"first","9":"instock","10":"product-type-simple"},"acf":[],"_links":{"self":[{"href":"https:\/\/pisosmanriquez.cl\/index.php\/wp-json\/wp\/v2\/product\/14071","targetHints":{"allow":["GET"]}}],"collection":[{"href":"https:\/\/pisosmanriquez.cl\/index.php\/wp-json\/wp\/v2\/product"}],"about":[{"href":"https:\/\/pisosmanriquez.cl\/index.php\/wp-json\/wp\/v2\/types\/product"}],"wp:featuredmedia":[{"embeddable":true,"href":"https:\/\/pisosmanriquez.cl\/index.php\/wp-json\/wp\/v2\/media\/14072"}],"wp:attachment":[{"href":"https:\/\/pisosmanriquez.cl\/index.php\/wp-json\/wp\/v2\/media?parent=14071"}],"wp:term":[{"taxonomy":"product_cat","embeddable":true,"href":"https:\/\/pisosmanriquez.cl\/index.php\/wp-json\/wp\/v2\/product_cat?post=14071"},{"taxonomy":"product_tag","embeddable":true,"href":"https:\/\/pisosmanriquez.cl\/index.php\/wp-json\/wp\/v2\/product_tag?post=14071"}],"curies":[{"name":"wp","href":"https:\/\/api.w.org\/{rel}","templated":true}]}}